{"id":40,"date":"2011-10-16T03:53:58","date_gmt":"2011-10-16T03:53:58","guid":{"rendered":"http:\/\/ombu.ca\/en\/?page_id=40"},"modified":"2016-11-27T23:46:57","modified_gmt":"2016-11-27T23:46:57","slug":"christopher","status":"publish","type":"page","link":"https:\/\/ombu.ca\/en\/christopher\/","title":{"rendered":"Christopher Murtagh"},"content":{"rendered":"<p><span class=\"floatleft\"><img loading=\"lazy\" decoding=\"async\" class=\"border\" title=\"Christopher Murtagh\" src=\"\/images\/christopher.jpg\" width=\"200\" height=\"274\" alt=\"Christopher Murtagh\"\/><br \/><span class=\"credit\">photo: Sebastian Furtado<\/span><\/span><br \/>\nThroughout his career, Christopher has been working in technology &#8211; from writing software, to architecting complex systems. For 6 years, he was the web system architect for McGill University&#8217;s Web Service Group where he co-developed the McGill Gateway &mdash; a custom-built database-driven web publishing system. He architected and oversaw development of the server system that runs the Gateway. Prior to joining McGill, he worked as a freelance IT consultant and after leaving McGill, returned to IT consulting. There he joined the team hired by Sony Entertainment to bring Linux to the PlayStation 3. Christopher became an active member of Montreal&#8217;s startup scene where he worked and consulted for several funded startups. He is currently serves as omb\u00fa&#8217;s CTO as well as the IT director of a medical imaging research company.<\/p>\n<p>With over a decade of formal classical music and jazz training at le Conservatoire de musique du Qu\u00e9bec, Vanier College, Universit\u00e9 de Montr\u00e9al and McGill University, Christopher has also studied mathematics, computer science, sound recording and music technology at Vanier College and McGill University.\n<\/p>\n<p><br clear=\"all\" \/><br \/><\/p>\n","protected":false},"excerpt":{"rendered":"<p>photo: Sebastian Furtado Throughout his career, Christopher has been working in technology &#8211; from writing software, to architecting complex systems. For 6 years, he was the web system architect for McGill University&#8217;s Web Service Group where he co-developed the McGill Gateway &mdash; a custom-built database-driven web publishing system. He architected and oversaw development of the [&hellip;]<\/p>\n","protected":false},"author":1,"featured_media":0,"parent":0,"menu_order":0,"comment_status":"open","ping_status":"open","template":"","meta":{"footnotes":""},"class_list":["post-40","page","type-page","status-publish","hentry"],"_links":{"self":[{"href":"https:\/\/ombu.ca\/en\/wp-json\/wp\/v2\/pages\/40","targetHints":{"allow":["GET"]}}],"collection":[{"href":"https:\/\/ombu.ca\/en\/wp-json\/wp\/v2\/pages"}],"about":[{"href":"https:\/\/ombu.ca\/en\/wp-json\/wp\/v2\/types\/page"}],"author":[{"embeddable":true,"href":"https:\/\/ombu.ca\/en\/wp-json\/wp\/v2\/users\/1"}],"replies":[{"embeddable":true,"href":"https:\/\/ombu.ca\/en\/wp-json\/wp\/v2\/comments?post=40"}],"version-history":[{"count":13,"href":"https:\/\/ombu.ca\/en\/wp-json\/wp\/v2\/pages\/40\/revisions"}],"predecessor-version":[{"id":266,"href":"https:\/\/ombu.ca\/en\/wp-json\/wp\/v2\/pages\/40\/revisions\/266"}],"wp:attachment":[{"href":"https:\/\/ombu.ca\/en\/wp-json\/wp\/v2\/media?parent=40"}],"curies":[{"name":"wp","href":"https:\/\/api.w.org\/{rel}","templated":true}]}}