{"id":45,"date":"2011-10-16T03:56:51","date_gmt":"2011-10-16T03:56:51","guid":{"rendered":"http:\/\/ombu.ca\/en\/?page_id=45"},"modified":"2011-11-07T02:03:58","modified_gmt":"2011-11-07T02:03:58","slug":"ombu1001","status":"publish","type":"page","link":"https:\/\/ombu.ca\/en\/ombu1001\/","title":{"rendered":"OSJM &#8211;  Chantons tous No\u00ebl"},"content":{"rendered":"<p>\n<span class=\"floatleft\"><img loading=\"lazy\" decoding=\"async\" class=\"border\" title=\"OSJM - Chantons tous No\u00ebl\" src=\"\/images\/covers\/ombu_1001_medium.jpg\" width=\"250\" height=\"250\" alt=\"OSJM - Chantons tous No\u00ebl\"\/><br clear=\"left\" \/><br \/>\n<img loading=\"lazy\" decoding=\"async\" class=\"border\" title=\"OSJM - Chantons tous No\u00ebl\" src=\"\/images\/covers\/ombu_1001_back_medium.jpg\" width=\"250\" height=\"250\" alt=\"OSJM - Chantons tous No\u00ebl\"\/><\/span><\/p>\n<table style=\"float: left; margin: 0px; padding: 0px;\" cellspacing=\"0\" cellpadding=\"4\">\n<tr>\n<td valign=\"top\">1.<\/td>\n<td valign=\"top\"><strong>Venez divin Messie<\/strong><\/td>\n<td valign=\"top\" class=\"small\">harm. Ernest Gagnon<br \/> orch. Marc B\u00e9langer<\/td>\n<td valign=\"top\" align=\"right\">2:13<\/td>\n<\/tr>\n<tr>\n<td valign=\"top\">2.<\/td>\n<td valign=\"top\"><strong>Il est n\u00e9 le divin enfant<\/strong><\/td>\n<td valign=\"top\" class=\"small\">harm. Ernest Gagnon<br \/> orch. Marc B\u00e9langer<\/td>\n<td valign=\"top\" align=\"right\">1:58<\/td>\n<\/tr>\n<tr>\n<td valign=\"top\">3.<\/td>\n<td valign=\"top\"><strong>Silent Night<\/strong><\/td>\n<td valign=\"top\" class=\"small\"> <\/td>\n<td valign=\"top\" align=\"right\">3:05<\/td>\n<\/tr>\n<tr>\n<td valign=\"top\">4.<\/td>\n<td valign=\"top\"><strong>Nouvelle agr\u00e9able<\/strong><\/td>\n<td valign=\"top\" class=\"small\">harm. Ernest gagnon<br \/> orch. Marc B\u00e9langer<\/td>\n<td valign=\"top\" align=\"right\">1:35<\/td>\n<\/tr>\n<tr>\n<td valign=\"top\">5.<\/td>\n<td valign=\"top\"><strong>Christmas Festival<\/strong><\/td>\n<td valign=\"top\" class=\"small\">Leroy Anderson<\/td>\n<td valign=\"top\" align=\"right\">6:36<\/td>\n<\/tr>\n<tr>\n<td valign=\"top\">6.<\/td>\n<td valign=\"top\"><strong>God rest you merry gentlemen<\/strong><\/td>\n<td valign=\"top\" class=\"small\">Harm. et orch. John Rutter<\/td>\n<td valign=\"top\" align=\"right\">3:11<\/td>\n<\/tr>\n<tr>\n<td valign=\"top\">7.<\/td>\n<td valign=\"top\"><strong>Ich steh an deiner Krippe hier<\/strong><\/td>\n<td valign=\"top\" class=\"small\">Johann Sebastian Bach<\/td>\n<td valign=\"top\" align=\"right\">2:36<\/td>\n<\/tr>\n<tr>\n<td valign=\"top\">8.<\/td>\n<td valign=\"top\"><strong>Canadian Brass Christmas<\/strong><\/td>\n<td valign=\"top\" class=\"small\">orch. Luther Henderson<\/td>\n<td valign=\"top\" align=\"right\">6:12<\/td>\n<\/tr>\n<tr>\n<td valign=\"top\">9.<\/td>\n<td valign=\"top\"><strong>We three Kings of Orient are<\/strong><\/td>\n<td valign=\"top\" class=\"small\"> J.H. Hopkins<br \/> orch. John Rutter<\/td>\n<td valign=\"top\" align=\"right\">3:42<\/td>\n<\/tr>\n<tr>\n<td valign=\"top\">10.<\/td>\n<td valign=\"top\"><strong>Venez mes enfants<\/strong><\/td>\n<td valign=\"top\" class=\"small\">harm. C\u00e9sar Geoffray<\/td>\n<td valign=\"top\" align=\"right\">1:35<\/td>\n<\/tr>\n<tr>\n<td valign=\"top\">11.<\/td>\n<td valign=\"top\"><strong>Les Anges dans nos campagnes<\/strong><\/td>\n<td valign=\"top\" class=\"small\">harm. Ernest Gagnon<br \/> orch. Marc B\u00e9langer<\/td>\n<td valign=\"top\" align=\"right\">2:33<\/td>\n<\/tr>\n<tr>\n<td valign=\"top\">12.<\/td>\n<td valign=\"top\"><strong>Hodie, Christus natus est<\/strong><\/td>\n<td valign=\"top\" class=\"small\">Plainchant<\/td>\n<td valign=\"top\" align=\"right\">1:16<\/td>\n<\/tr>\n<tr>\n<td valign=\"top\">13.<\/td>\n<td valign=\"top\"><strong>Joy to the Wolrd<\/strong><\/td>\n<td valign=\"top\" class=\"small\">Lowell Mason<br \/> orch. John Rutter<\/td>\n<td valign=\"top\" align=\"right\">2:32<\/td>\n<\/tr>\n<tr>\n<td valign=\"top\">14.<\/td>\n<td valign=\"top\"><strong>Mary had a Baby<\/strong><\/td>\n<td valign=\"top\" class=\"small\">Negro spititual<br \/> harm. William L. Dawson<\/td>\n<td valign=\"top\" align=\"right\">2:53<\/td>\n<\/tr>\n<tr>\n<td valign=\"top\">15.<\/td>\n<td valign=\"top\"><strong>Venez vite voir la pucelle<\/strong><\/td>\n<td valign=\"top\" class=\"small\">No\u00ebl fran\u00e7ais<br \/> harm. et orch. John Rutter<\/td>\n<td valign=\"top\" align=\"right\">1:53<\/td>\n<\/tr>\n<tr>\n<td valign=\"top\">16.<\/td>\n<td valign=\"top\"><strong>\u00c7a bergers, assemblons-nous<\/strong><\/td>\n<td valign=\"top\" class=\"small\">harm. Ernest Gagnon<br \/> orch. Marc B\u00e9langer<\/td>\n<td valign=\"top\" align=\"right\">2:35<\/td>\n<\/tr>\n<tr>\n<td valign=\"top\">17.<\/td>\n<td valign=\"top\"><strong>Around the world at Christmas time<\/strong><\/td>\n<td valign=\"top\" class=\"small\">orch. Robert B. Chase<\/td>\n<td valign=\"top\" align=\"right\">6:00<\/td>\n<\/tr>\n<tr>\n<td valign=\"top\">18.<\/td>\n<td valign=\"top\"><strong>O little town of Bethlehem<\/strong><\/td>\n<td valign=\"top\" class=\"small\">Lewis Redner<br \/> orch. Arthur Luck<\/td>\n<td valign=\"top\" align=\"right\">2:10<\/td>\n<\/tr>\n<tr>\n<td valign=\"top\">19.<\/td>\n<td valign=\"top\"><strong>Tintez joyeux grelots d&#8217;argent<\/strong><\/td>\n<td valign=\"top\" class=\"small\">harm. Peter J. Wilhovsky<\/td>\n<td valign=\"top\" align=\"right\">1:26<\/td>\n<\/tr>\n<tr>\n<td valign=\"top\">20.<\/td>\n<td valign=\"top\"><strong>It came upon a midnight clear<\/strong><\/td>\n<td valign=\"top\" class=\"small\">R.S. Willis<br \/> orch. John Rutter<\/td>\n<td valign=\"top\" align=\"right\">2:16<\/td>\n<\/tr>\n<tr>\n<td valign=\"top\">21.<\/td>\n<td valign=\"top\"><strong>Adeste Fideles<\/strong><\/td>\n<td valign=\"top\" class=\"small\">J.F. Wade<br \/> orch. John Rutter<\/td>\n<td valign=\"top\" align=\"right\">5:07<\/td>\n<\/tr>\n<\/table>\n<p><br clear=\"left\" \/><\/p>\n<p>\n\t<strong>MYSO (OSJM)<\/strong><br \/>\n\tThe Montreal Youth Symphony Orchestra (MYSO) was founded by Sandra Wilson in 1976. The MYSO brings together sixty members between the ages of 13 and 25 on a yearly basis. So far, more than 800 young musicians have acquired high-quality training, allowing them to move on to professional orchestras in Quebec, Canada, the United States and Europe. Every year, the orchestra plays ten or more concerts in its subsciption series or at the request of corporate and cultural sponsors.\n<\/p>\n<p>\n<span class=\"floatright\"><img loading=\"lazy\" decoding=\"async\" class=\"border\" src=\"\/images\/tuning_string.jpg\" width=\"200\" height=\"274\" alt=\"\" title=\"\" \/><br \/><span class=\"credit\">photo: Yves Lacombe<\/span><\/span> The MYSO repertoire spans works from Mozart to Mahler, Debussy to Shostakovich. The orchestra has also had the privilege of sharing the stage with several soloists, singers and composers from Quebec and abroad.\n<\/p>\n<p> The MYSO has toured in Quebec, Ontario, Alberta, Scotland, Greece and in France. The Orchestra boasts several recordings including Camille Saint-Sa\u00ebns&#8217;s Symphony # 3 with organ, and excerpts from Swan Lake and Nutcracker by Tchaikovsky, for a collection of illustrated musical stories released on the XXI Records label.\n<\/p>\n<p>\n<strong>Ensemble vocal Polymnie<\/strong><br \/>\nFounded in 1977, the Ensemble vocal Polymnie groups ninety members under the direction of Louis Lavigeur since September 2002. The choir is specialized in the interpretation of sacred and secular works by a great variety of composers. Thanks to the financial generosity of its supporters, the Ensemble vocal Polymnie is able to offer pleasurable musical experiences to its loyal audiences within the greater Montreal and South shore areas. Recognized as a semi-professional choir, the Ensemble vocal Polymnie is regularly called upon to cooperate with the Orchestra symphonique de Longueuil.\n<\/p>\n<p>\nThis CD is the result of a first and very happy collaboration with the Montreal Youth Symphony Orchestra.\n<\/p>\n<p>\n<strong>Louis Lavigeur &#8211; Artistic Director<\/strong><br \/>\nLouis Lavigeur is artistic director and conductor of the Montreal Youth Symphony Orchestra since 1986. Prize winner at the Besan\u00e7on International Competition for Young Conductors, Louis Lavigeur is presently associate-conductor of the Conservatiore de musique de Montr\u00e9al Orchestra, conductor of the Pierre-laporte High School Music Program, artistic director and conductor of the Orchestre des concerts symphoniques de Gatineau, founder-director of l&#8217;Ensemble Sinfonia de Montr\u00e9al. He also served as conductor in residence for the McGill University Orchestra.\n<\/p>\n<p>\nLouis Lavigeur is one of the few conductors who is equally at ease with both choirs and orchestras. He conducts the Conservatoire de musicque de Montr\u00e9al Chorus, as well as the five choirs of the Pierre-Laporte High School Music Program. In 2001, he was appointed artistic director of the Polymnie Vocal Ensemble de Longueuil and in 2003 of the Choeur polyphonique de Montr\u00e9al.\n<\/p>\n<p>\nA respected and distinguished educator, Louis Lavigeur has taught at Laval, McGill and de Montr\u00e9al Universities and at the Conservatoire de musique de Montr\u00e9al where he still teaches conducting. As a guest conductor, he has performed with several orchestras in Canada, France, Switzerland and the Czech Republic. He has frequently recorded for CBC Radio and Television and has made several recordings with the Orchestre M\u00e9tropolitain and MYSO with which he has toured France and Greece.\n<\/p>\n<p><br clear=\"all\" \/><br \/><\/p>\n","protected":false},"excerpt":{"rendered":"<p>1. Venez divin Messie harm. Ernest Gagnon orch. Marc B\u00e9langer 2:13 2. Il est n\u00e9 le divin enfant harm. Ernest Gagnon orch. Marc B\u00e9langer 1:58 3. Silent Night 3:05 4. Nouvelle agr\u00e9able harm. Ernest gagnon orch. Marc B\u00e9langer 1:35 5. Christmas Festival Leroy Anderson 6:36 6. God rest you merry gentlemen Harm. et orch. John [&hellip;]<\/p>\n","protected":false},"author":1,"featured_media":0,"parent":0,"menu_order":0,"comment_status":"open","ping_status":"open","template":"","meta":{"footnotes":""},"class_list":["post-45","page","type-page","status-publish","hentry"],"_links":{"self":[{"href":"https:\/\/ombu.ca\/en\/wp-json\/wp\/v2\/pages\/45","targetHints":{"allow":["GET"]}}],"collection":[{"href":"https:\/\/ombu.ca\/en\/wp-json\/wp\/v2\/pages"}],"about":[{"href":"https:\/\/ombu.ca\/en\/wp-json\/wp\/v2\/types\/page"}],"author":[{"embeddable":true,"href":"https:\/\/ombu.ca\/en\/wp-json\/wp\/v2\/users\/1"}],"replies":[{"embeddable":true,"href":"https:\/\/ombu.ca\/en\/wp-json\/wp\/v2\/comments?post=45"}],"version-history":[{"count":10,"href":"https:\/\/ombu.ca\/en\/wp-json\/wp\/v2\/pages\/45\/revisions"}],"predecessor-version":[{"id":218,"href":"https:\/\/ombu.ca\/en\/wp-json\/wp\/v2\/pages\/45\/revisions\/218"}],"wp:attachment":[{"href":"https:\/\/ombu.ca\/en\/wp-json\/wp\/v2\/media?parent=45"}],"curies":[{"name":"wp","href":"https:\/\/api.w.org\/{rel}","templated":true}]}}