{"id":8,"date":"2011-10-15T20:51:14","date_gmt":"2011-10-15T20:51:14","guid":{"rendered":"http:\/\/ombu.ca\/en\/?page_id=8"},"modified":"2011-11-28T17:51:55","modified_gmt":"2011-11-28T17:51:55","slug":"catalogue","status":"publish","type":"page","link":"https:\/\/ombu.ca\/en\/catalogue\/","title":{"rendered":"omb\u00fa catalogue"},"content":{"rendered":"<div style=\"width: 705px;\">\n<div class=\"catalogueitem\">\n<div class=\"catalogueimage\">\n\t\t<a href=\"\/en\/1015\/\"><img loading=\"lazy\" decoding=\"async\" class=\"border\" title=\"\" src=\"\/images\/covers\/ombu_1015_thumb.jpg\" width=\"100\" height=\"100\" alt=\"ombu 1015\" \/><\/a>\n\t<\/div>\n<div class=\"catalogueinfo\">\n\t\t<strong>Cycles<\/strong><br \/><a href=\"\/en\/shawnmativetsky\/\">Shawn Mativetsky<\/a><br \/>\n\t\treleased: October 2011 <br \/>\n\t\t<a class=\"orderlink\" target=\"_new\" href=\"http:\/\/ombu.audiophile.ca\/en\/browse\/?productNumber=OMBU1015&#038;browse=1\">Order online<\/a>\n\t<\/div>\n<\/div>\n<div class=\"catalogueitem\">\n<div class=\"catalogueimage\">\n\t\t<a href=\"\/en\/1014\/\"><img loading=\"lazy\" decoding=\"async\" class=\"border\" title=\"\" src=\"\/images\/covers\/ombu_1014_thumb.jpg\" width=\"100\" height=\"100\" alt=\"ombu 1014\" \/><\/a>\n\t<\/div>\n<div class=\"catalogueinfo\">\n\t\t<strong>Rhyme or Reason<\/strong><br \/>Time Capsule<br \/>\n\t\treleased: June 2010 <br \/>\n\t\t<a class=\"orderlink\" target=\"_new\" href=\"http:\/\/ombu.audiophile.ca\/en\/browse\/?productNumber=OMBU1014&#038;browse=1\">Order online<\/a>\n\t<\/div>\n<\/div>\n<p><br clear=\"all\" \/><\/p>\n<div class=\"catalogueitem\">\n<div class=\"catalogueimage\">\n\t\t<a href=\"\/en\/1012\/\"><img loading=\"lazy\" decoding=\"async\" class=\"border\" title=\"\" src=\"\/images\/covers\/ombu_1012_thumb.jpg\" width=\"100\" height=\"100\" alt=\"ombu 1012\" \/><\/a>\n\t<\/div>\n<div class=\"catalogueinfo\">\n\t\t<strong>Courting Stories: True Love And Treachery<\/strong><br \/><a href=\"\/en\/skyeconsort\/\">Skye Consort<\/a><br \/>\n\t\treleased: August 2008 <br \/>\n\t\t<a class=\"orderlink\" target=\"_new\" href=\"http:\/\/ombu.audiophile.ca\/en\/browse\/?productNumber=OMBU1012&#038;browse=1\">Order online<\/a>\n\t<\/div>\n<\/div>\n<div class=\"catalogueitem\">\n<div class=\"catalogueimage\">\n\t\t<a href=\"\/en\/1013\/\"><img loading=\"lazy\" decoding=\"async\" class=\"border\" title=\"\" src=\"\/images\/covers\/ombu_1013_thumb.jpg\" width=\"100\" height=\"100\" alt=\"ombu 1013\" \/><\/a>\n\t<\/div>\n<div class=\"catalogueinfo\">\n\t\t<strong>Can&#8217;t Help but Love You, Baby<\/strong><br \/><a href=\"\/en\/karenpotje\/\">Karen Potje<\/a><br \/>\n\t\treleased: May 2008 <br \/>\n\t\t<a class=\"orderlink\" target=\"_new\" href=\"http:\/\/ombu.audiophile.ca\/en\/browse\/?productNumber=OMBU1013&#038;browse=1\">Order online<\/a>\n\t<\/div>\n<\/div>\n<p><br clear=\"all\" \/><\/p>\n<div class=\"catalogueitem\">\n<div class=\"catalogueimage\">\n\t\t<a href=\"\/en\/1011\/\"><img loading=\"lazy\" decoding=\"async\" class=\"border\" title=\"\" src=\"\/images\/covers\/ombu_1011_thumb.jpg\" width=\"100\" height=\"100\" alt=\"ombu 1011\" \/><\/a>\n\t<\/div>\n<div class=\"catalogueinfo\">\n\t\t<strong>Images &amp; Ballades<\/strong><br \/><a href=\"\/en\/minnareshin\/\">Minna Re Shin<\/a><\/p>\n<p>\t\treleased: April 2007 <br \/>\n\t\t<a class=\"orderlink\" target=\"_new\" href=\"http:\/\/ombu.audiophile.ca\/en\/browse\/?productNumber=OMBU1011&#038;browse=1\">Order online<\/a>\n\t<\/div>\n<\/div>\n<div class=\"catalogueitem\">\n<div class=\"catalogueimage\">\n\t\t<a href=\"\/en\/1009\/\"><img loading=\"lazy\" decoding=\"async\" class=\"border\" title=\"\" src=\"\/images\/covers\/ombu_1009_thumb.jpg\" width=\"100\" height=\"100\" alt=\"ombu 1009\" \/><\/a>\n\t<\/div>\n<div class=\"catalogueinfo\">\n<p>\t\t<strong>Common Thread<\/strong><br \/><a href=\"\/en\/milesperkin\/\">Miles Perkin<\/a><br \/>\n\t\treleased: November 2005<br \/>\n\t\t<a class=\"orderlink\" target=\"_new\" href=\"http:\/\/ombu.audiophile.ca\/en\/browse\/?productNumber=OMBU1009&#038;browse=1\">Order online<\/a>\n\t<\/div>\n<\/div>\n<p><br clear=\"all\" \/><\/p>\n<div class=\"catalogueitem\">\n<div class=\"catalogueimage\">\n\t\t<a href=\"\/en\/1008\/\"><img loading=\"lazy\" decoding=\"async\" class=\"border\" title=\"\" src=\"\/images\/covers\/ombu_1008_thumb.jpg\" width=\"100\" height=\"100\" alt=\"ombu 1008\" \/><\/a>\n\t<\/div>\n<div class=\"catalogueinfo\">\n\t\t<strong>Live in Lisbon<\/strong><br \/><a href=\"\/en\/paulcram\/\">Paul Cram Orchestra<\/a><br \/>\n\t\treleased: September 2005<br \/>\n\t\t<a class=\"orderlink\" target=\"_new\" href=\"http:\/\/ombu.audiophile.ca\/en\/browse\/?productNumber=OMBU1008&#038;browse=1\">Order online<\/a>\n\t<\/div>\n<\/div>\n<div class=\"catalogueitem\">\n<div class=\"catalogueimage\">\n\t\t<a href=\"\/en\/1007\/\"><img loading=\"lazy\" decoding=\"async\" class=\"border\" title=\"\" src=\"\/images\/covers\/ombu_1007_thumb.jpg\" width=\"100\" height=\"100\" alt=\"ombu 1007\" \/><\/a>\n\t<\/div>\n<div class=\"catalogueinfo\">\n\t\t<strong>Afro-Groove<\/strong><br \/><a href=\"\/en\/followfollow\/\">Follow Follow<\/a><br \/>\n\t\treleased: June 2005<br \/>\n\t\t<a class=\"orderlink\" target=\"_new\" href=\"http:\/\/ombu.audiophile.ca\/en\/browse\/?productNumber=OMBU1007&#038;browse=1\">Order online<\/a>\n\t<\/div>\n<\/div>\n<p><br clear=\"all\" \/><\/p>\n<div class=\"catalogueitem\">\n<div class=\"catalogueimage\">\n\t\t<a href=\"\/en\/1003\/\"><img loading=\"lazy\" decoding=\"async\" class=\"border\" title=\"\" src=\"\/images\/covers\/ombu_1003_thumb.jpg\" width=\"100\" height=\"100\" alt=\"ombu 1003\" \/><\/a>\n\t<\/div>\n<div class=\"catalogueinfo\">\n\t\t<strong>Br\u00e9gent<\/strong><br \/><a href=\"\/en\/ensemblekore\/\">Ensemble KORE<\/a><br \/>\n\t\treleased: April 2005<br \/>\n\t\t<a class=\"orderlink\" target=\"_new\" href=\"http:\/\/ombu.audiophile.ca\/en\/browse\/?productNumber=OMBU1003&#038;browse=1\">Order online<\/a>\n\t<\/div>\n<\/div>\n<div class=\"catalogueitem\">\n<div class=\"catalogueimage\">\n\t\t<a href=\"\/en\/1006\/\"><img loading=\"lazy\" decoding=\"async\" class=\"border\" title=\"\" src=\"\/images\/covers\/ombu_1006_thumb.jpg\" width=\"100\" height=\"100\" alt=\"ombu 1006\" \/><\/a>\n\t<\/div>\n<div class=\"catalogueinfo\">\n\t\t<strong>Grands succ\u00e8s du deuxi\u00e8me mill\u00e9naire<\/strong><br \/><a href=\"\/en\/skyeconsort\/\">Skye Consort<\/a><\/p>\n<p>\t\treleased: December 2004<br \/>\n\t\t<a class=\"orderlink\" target=\"_new\" href=\"http:\/\/ombu.audiophile.ca\/en\/browse\/?productNumber=OMBU1006&#038;browse=1\">Order online<\/a>\n\t<\/div>\n<\/div>\n<p><br clear=\"all\" \/><\/p>\n<div class=\"catalogueitem\">\n<div class=\"catalogueimage\">\n\t\t<a href=\"\/en\/1004\/\"><img loading=\"lazy\" decoding=\"async\" class=\"border\" title=\"\" src=\"\/images\/covers\/ombu_1004_thumb.jpg\" width=\"100\" height=\"100\" alt=\"ombu 1004\" \/><\/a>\n\t<\/div>\n<div class=\"catalogueinfo\">\n\t\t<strong>Phat hed<\/strong><br \/><a href=\"\/en\/phathed\/\">Tom Walsh<\/a><br \/>\n\t\treleased: May 2004<br \/>\n\t\t<a class=\"orderlink\" target=\"_new\" href=\"http:\/\/ombu.audiophile.ca\/en\/browse\/?productNumber=OMBU1004&#038;browse=1\">Order online<\/a>\n\t<\/div>\n<\/div>\n<div class=\"catalogueitem\">\n<div class=\"catalogueimage\">\n\t\t<a href=\"\/en\/1002\/\"><img loading=\"lazy\" decoding=\"async\" class=\"border\" title=\"\" src=\"\/images\/covers\/ombu_1002_thumb.jpg\" width=\"100\" height=\"100\" alt=\"ombu 1001\" \/><\/a>\n\t<\/div>\n<div class=\"catalogueinfo\">\n\t\t<strong>Franz Joseph Haydn Piano Sonatas<\/strong><br \/><a href=\"\/en\/minnareshin\/\">Minna Re Shin<\/a><br \/>\n\t\treleased: April 2004 <br \/>\n\t\t<a class=\"orderlink\" target=\"_new\" href=\"http:\/\/ombu.audiophile.ca\/en\/browse\/?productNumber=OMBU1002&#038;browse=1\">Order online<\/a>\n\t<\/div>\n<\/div>\n<p><br clear=\"all\" \/><\/p>\n<div class=\"catalogueitem\">\n<div class=\"catalogueimage\">\n\t\t<a href=\"\/en\/1001\/\"><img loading=\"lazy\" decoding=\"async\" class=\"border\" title=\"\" src=\"\/images\/covers\/ombu_1001_thumb.jpg\" width=\"100\" height=\"100\" alt=\"ombu 1001\" \/><\/a>\n\t<\/div>\n<div style=\"float: left;padding: 7px; width:179px;\">\n\t\t<strong>Chantons tous No\u00ebl<\/strong><br \/><a href=\"http:\/\/www.osjm.org\/\">OSJM<\/a><br \/>\n\t\treleased: November 2003<br \/>\n\t\t<a class=\"orderlink\" target=\"_new\" href=\"http:\/\/ombu.audiophile.ca\/en\/browse\/?productNumber=OMBU1001&#038;browse=1\">Order online<\/a>\n\t<\/div>\n<\/div>\n<\/div>\n<p><br clear=\"all\" \/><br \/><\/p>\n","protected":false},"excerpt":{"rendered":"<p>CyclesShawn Mativetsky released: October 2011 Order online Rhyme or ReasonTime Capsule released: June 2010 Order online Courting Stories: True Love And TreacherySkye Consort released: August 2008 Order online Can&#8217;t Help but Love You, BabyKaren Potje released: May 2008 Order online Images &amp; BalladesMinna Re Shin released: April 2007 Order online Common ThreadMiles Perkin released: November [&hellip;]<\/p>\n","protected":false},"author":1,"featured_media":0,"parent":0,"menu_order":0,"comment_status":"open","ping_status":"open","template":"","meta":{"footnotes":""},"class_list":["post-8","page","type-page","status-publish","hentry"],"_links":{"self":[{"href":"https:\/\/ombu.ca\/en\/wp-json\/wp\/v2\/pages\/8","targetHints":{"allow":["GET"]}}],"collection":[{"href":"https:\/\/ombu.ca\/en\/wp-json\/wp\/v2\/pages"}],"about":[{"href":"https:\/\/ombu.ca\/en\/wp-json\/wp\/v2\/types\/page"}],"author":[{"embeddable":true,"href":"https:\/\/ombu.ca\/en\/wp-json\/wp\/v2\/users\/1"}],"replies":[{"embeddable":true,"href":"https:\/\/ombu.ca\/en\/wp-json\/wp\/v2\/comments?post=8"}],"version-history":[{"count":14,"href":"https:\/\/ombu.ca\/en\/wp-json\/wp\/v2\/pages\/8\/revisions"}],"predecessor-version":[{"id":247,"href":"https:\/\/ombu.ca\/en\/wp-json\/wp\/v2\/pages\/8\/revisions\/247"}],"wp:attachment":[{"href":"https:\/\/ombu.ca\/en\/wp-json\/wp\/v2\/media?parent=8"}],"curies":[{"name":"wp","href":"https:\/\/api.w.org\/{rel}","templated":true}]}}