{"id":98,"date":"2011-10-16T18:46:27","date_gmt":"2011-10-16T18:46:27","guid":{"rendered":"http:\/\/ombu.ca\/en\/?page_id=98"},"modified":"2013-11-06T03:31:50","modified_gmt":"2013-11-06T03:31:50","slug":"ombu1014","status":"publish","type":"page","link":"https:\/\/ombu.ca\/en\/ombu1014\/","title":{"rendered":"Time Capsule &#8211; Rhyme or Reason"},"content":{"rendered":"<p><span class=\"floatleft\" style=\"margin-right: 20px;\"><img loading=\"lazy\" decoding=\"async\" class=\"border\" title=\"Time Capsule - Rhyme or Reason\" src=\"\/images\/covers\/ombu_1014_medium.jpg\" width=\"250\" height=\"250\" alt=\"Time Capsule\" \/><br \/><\/span><\/p>\n<ol class=\"tracklist floatleft\" style=\"list-style-type: decimal; font-weight: bold;\">\n<li class=\"tracklistitem\"><span style=\"font-weight: normal;\">Garden<\/span><\/li>\n<li class=\"tracklistitem\"><span style=\"font-weight: normal;\">Rhyme or Reason<\/span><\/li>\n<li class=\"tracklistitem\"><span style=\"font-weight: normal;\">Can&#8217;t Say Enough<\/span><\/li>\n<li class=\"tracklistitem\"><span style=\"font-weight: normal;\">Words in our Hearts<\/span><\/li>\n<li class=\"tracklistitem\"><span style=\"font-weight: normal;\">Ode<\/span><\/li>\n<li class=\"tracklistitem\"><span style=\"font-weight: normal;\">Light We Live Without<\/span><\/li>\n<li class=\"tracklistitem\"><span style=\"font-weight: normal;\">Papillon<\/span><\/li>\n<li class=\"tracklistitem\"><span style=\"font-weight: normal;\">Long Distance<\/span><\/li>\n<li class=\"tracklistitem\"><span style=\"font-weight: normal;\">Pantoufles<\/span><\/li>\n<li class=\"tracklistitem\"><span style=\"font-weight: normal;\">Barefoot in the Sand<\/span><\/li>\n<li class=\"tracklistitem\"><span style=\"font-weight: normal;\">Dream a Dream<\/span><\/li>\n<\/ol>\n<p><br clear=\"left\" \/><\/p>\n<p>\nTime Capsule brings musical drama to the stage. A combination rock opera, stage play, concert performance and surreality show featuring songs (still life tone poems) that evoke life experiences. The singers are the main cast, however, the musicians (7 piece string section, 5 piece brass &#038; woodwinds, 7 piece rhythm section) all on stage, in costume and in character are often called upon to express the moment in question. These mini time capsules within each song allow for reflection, extrapolating with other added elements e.g. dance, video, stage play scenario etc..  Time Capsule takes the audience to a place where dreams are fulfilled, where hopes are realized.\n<\/p>\n<p><br clear=\"left\" \/><\/p>\n<p>\n<strong>R\u00e9alis\u00e9 oar\/ Produced by : <\/strong> Muhammad Abdul Al-Khabyyr (Maakart) &amp; Christopher Murtagh<br \/>\n<strong>Claviers : <\/strong> Luc Beaugrand, Tilden Webb, Maakart<br \/>\n<strong>Guitares : <\/strong> Steve Washko, Gary Stephen Schwartz<br \/>\n<strong>Basse : <\/strong> Mathieu Cormier, Alexandre Paquette (Dream a Dream) <\/p>\n<p><strong>Batterie : <\/strong> Nasyr Abdul Al-Khabyyr, Massimo Sansalone<br \/>\n<strong>Percussion : <\/strong> Joanna Maria Peters<br \/>\n<strong>Cuivres : <\/strong> Maxime St. Pierre (tpr), Fran\u00e7ois D&#8217;Amours (sax), Maakart (trb), Paul Marcotte (cor)<br \/>\n<strong>Fl\u00fbte : <\/strong> Aisha Abdul Al-Khabyyr<br \/>\n<strong>Cordes : <\/strong> (vln) Philippe Dunnighan (solo), Melanie Belair, Nedjma Achour, (alt) Ligia Paqun, Christiane Lampron, (cel) Annie Gadbois, Laurence Leclerc, Carla Antoun (solo)<\/p>\n<p><strong>Voix : <\/strong> Marie Pierre Guilbault (Solo 1, 4, 8), Kasmir Degr\u00e9-Grandsoult (solo 2,5,7,9), Stacei Tabb (solo 2,3), Freddie James (solo 2.6.8), Chlo\u00e9 Gravel (solo 10), Niosa (solo 11), Andr\u00e9ane Roy -{ Papillion(pep) Sayydah Garrett, Zayd Abdul Al-Khabyyr, Maakart } -{Dream a Dream (choeur) Maegan Araujo, Maximilien Beaugrand, Tyler Bradley-Allen, Jonathan Brissette, Laurence Caron, Justin Hungerbuhler, Anthony Strina, Directrice: Joanne Donato Thomas<br \/>\n<strong>Ing\u00e8nieurs : <\/strong> omb\u00fa, Ga\u00e9tan Pilon (Studio Victor), Fran\u00e7ois Pag\u00e9, Fran\u00e7ois Legault <br \/>\n<strong>Mix : <\/strong> Fred Salter <br \/>\n<strong>Mastering : <\/strong> Paul Blakemore<br \/>\n<strong>Illustrations: <\/strong> Caroline Caron <\/p>\n<p><strong>Graphisme : <\/strong> Candice Nixon<br \/>\n<strong>Photo : <\/strong> Lucia (Iltchenko) Thomas <br \/>\n<strong>Bureau : <\/strong> Frances Inez Hetlam <br \/>\n<strong>Agent : <\/strong> Les Productions Deux C<br \/>\n<strong>Consultant musical : <\/strong> Sayyd Abdul Al-Khabyyr <\/p>\n<p><strong>L&#8217;\u00e9quipe omb\u00fa : <\/strong> William Dueck, Avery Gietz, Christopher Murtagh<br \/>\n<strong>Compositeurs : <\/strong> Muhammad Abdul Al-Khabyyr [trak 1 \u00e0 10] (socan), Maakart &#038; Miosa [trak 11] (socan)<br \/>\n<strong>Auteurs : <\/strong> Muhammad Abdul Al-Khabyyr (1,2,3,5,6,7,8,10,11), Daniel Andrew Curtis (Light we live Without), Frank T. Hetlam (Words in our Hearts &#8211; hommage \u00e0 Charles M. Schultz), Maakart &#038; Maxime St. Pierre (Pantoufles)<br \/>\n<strong><\/strong> \n<\/p>\n<p><br clear=\"all\" \/><br \/><\/p>\n","protected":false},"excerpt":{"rendered":"<p>Garden Rhyme or Reason Can&#8217;t Say Enough Words in our Hearts Ode Light We Live Without Papillon Long Distance Pantoufles Barefoot in the Sand Dream a Dream Time Capsule brings musical drama to the stage. A combination rock opera, stage play, concert performance and surreality show featuring songs (still life tone poems) that evoke life [&hellip;]<\/p>\n","protected":false},"author":1,"featured_media":0,"parent":0,"menu_order":0,"comment_status":"open","ping_status":"open","template":"","meta":{"footnotes":""},"class_list":["post-98","page","type-page","status-publish","hentry"],"_links":{"self":[{"href":"https:\/\/ombu.ca\/en\/wp-json\/wp\/v2\/pages\/98","targetHints":{"allow":["GET"]}}],"collection":[{"href":"https:\/\/ombu.ca\/en\/wp-json\/wp\/v2\/pages"}],"about":[{"href":"https:\/\/ombu.ca\/en\/wp-json\/wp\/v2\/types\/page"}],"author":[{"embeddable":true,"href":"https:\/\/ombu.ca\/en\/wp-json\/wp\/v2\/users\/1"}],"replies":[{"embeddable":true,"href":"https:\/\/ombu.ca\/en\/wp-json\/wp\/v2\/comments?post=98"}],"version-history":[{"count":4,"href":"https:\/\/ombu.ca\/en\/wp-json\/wp\/v2\/pages\/98\/revisions"}],"predecessor-version":[{"id":219,"href":"https:\/\/ombu.ca\/en\/wp-json\/wp\/v2\/pages\/98\/revisions\/219"}],"wp:attachment":[{"href":"https:\/\/ombu.ca\/en\/wp-json\/wp\/v2\/media?parent=98"}],"curies":[{"name":"wp","href":"https:\/\/api.w.org\/{rel}","templated":true}]}}