{"id":100,"date":"2011-11-06T21:02:09","date_gmt":"2011-11-06T21:02:09","guid":{"rendered":"http:\/\/ombu.ca\/fr\/?page_id=100"},"modified":"2011-11-07T16:27:38","modified_gmt":"2011-11-07T16:27:38","slug":"shawnmativetsky","status":"publish","type":"page","link":"https:\/\/ombu.ca\/fr\/shawnmativetsky\/","title":{"rendered":"Shawn Mativetsky &#8211; Percussion"},"content":{"rendered":"<p><span class=\"floatright\" style=\"margin-left: 20px;\"><img loading=\"lazy\" decoding=\"async\" class=\"border\" src=\"http:\/\/ombu.ca\/wp-content\/uploads\/2011\/11\/ShawnMativetskycymbalsHQ2005.jpg\" alt=\"Shawn Mativetsky 2005\" title=\"Shawn Mativetsky 2005\" width=\"350\" height=\"233\" \/><br \/>\n<span class=\"credit\">photo : David Babcock<\/span><br \/>\n<\/span> Percussionniste polyvalent,\u00a0<a href=\"http:\/\/www.shawnmativetsky.com\/\">Shawn Mativetsky<\/a> ex\u00e9cute avec dynamisme et brio des pi\u00e8ces de tous genres. Tout aussi \u00e0 l\u2019aise dans la musique traditionnelle de l\u2019Inde que dans la musique du monde ainsi que dans la musique occidentale classique, contemporaine et actuelle, Shawn Mativetsky collabore \u00e9galement \u00e0 des productions de danse et de th\u00e9\u00e2tre \u00e0 titre de compositeur et interpr\u00e8te. Donnant des conf\u00e9rences, des ateliers et des prestations au Canada et \u00e0 l&#8217;international, il s\u2019engage \u00e0 faire conna\u00eetre le tabla et la musique traditionnelle du Nord de l\u2019Inde. \u00c9tabli \u00e0 Montr\u00e9al, il enseigne le tabla et les percussions \u00e0 l\u2019Universit\u00e9 McGill. Son album solo, Payton MacDonald: \u0152uvres pour Tabla est paru en 2007, et Cycles, son nouvel album, constitu\u00e9 de compositions canadiennes pour tabla, est sorti en 2011.\n<\/p>\n<p>\nD\u00e9vou\u00e9 \u00e0 la musique classique de l\u2019Inde, Shawn Mativetsky est disciple du l\u00e9gendaire Pandit Sharda Sahai, de la tradition de tabla de B\u00e9nar\u00e8s. Shawn donne fr\u00e9quemment des concerts solo de tabla et il accompagne \u00e9galement des danseurs de kathak, des chanteurs, des musiciens de bansuri, de sarode, de santoor, de sarangi et de sitar. Depuis 2003, Shawn est affili\u00e9 \u00e0 la Fondation Pandit Ram Sahai (Royaume-Uni\/Inde), et au cours de l\u2019\u00e9t\u00e9 2006 et 2008, il a accueilli \u00e0 Montr\u00e9al son ma\u00eetre de tabla Pandit Sharda Sahai pour ses ateliers annuels de tabla. Ces derni\u00e8res ann\u00e9es, Shawn travaille en \u00e9troite collaboration avec la danseuse de kathak Sudeshna Maulik.  Ils ont, entre autres, collabor\u00e9 ensembles aux spectacles Crossroads, Mehfil, Soul of Ganges, ainsi que Hands and Feet.\n<\/p>\n<p><span class=\"floatleft\" style=\"margin-right: 8px;\"><img loading=\"lazy\" decoding=\"async\" class=\"border\" src=\"http:\/\/ombu.ca\/wp-content\/uploads\/2011\/11\/ShawnMativetsky2009HQ1.jpg\" alt=\"Shawn Mativetsky 2009\" title=\"Shawn Mativetsky 2009\" width=\"250\" height=\"375\" \/><br \/>\n<span class=\"credit\">photo : David Babcock<\/span><br \/>\n<\/span> Shawn a pr\u00e9sent\u00e9 de nombreux r\u00e9citals solo \u00e0 travers le Canada, les \u00c9tats-Unis, l\u2019Angleterre et en Inde.  Il est \u00e9galement mont\u00e9 sur sc\u00e8ne dans le cadre de s\u00e9ries comme le Windsor Canadian Music Festival, New Music in New Spaces, Groundswell, Festival Montr\u00e9al Baroque, Jusqu\u2019aux Oreilles, \u00c9volutions, Voyages: Montr\u00e9al-New York, Festival International du Domaine Forget, New Works Calgary, Music Toronto et le Percussive Arts Society International Convention. \u00c9galement reconnu comme musicien de chambre, Shawn Mativetsky collabore \u00e0 des projets des plus vari\u00e9s tels que le projet interculturel\u00a0Attar Project\u00a0avec la violoniste Parmela Attariwala, le groupe indo-fusion Ragleela et le groupe de folklore indien Galitcha. Des concerts r\u00e9guliers avec Galitcha, l\u2019ont men\u00e9 \u00e0 donner des repr\u00e9sentations \u00e0 travers la Canada et les \u00c9tats-Unis, aussi bien qu\u2019\u00e0 faire des tourn\u00e9es en France et en Tunisie, avec la chance de jouer avec des musiciens invit\u00e9s tels que Pandit Vishwa Mohan Bhatt, Salil Bhatt, Harry Manx, et Yves Lambert.\n<\/p>\n<p>\nLa musique qu\u2019il a compos\u00e9e pour les pi\u00e8ces\u00a0Brahm and the Angel\u00a0et\u00a0Hansel &#038; Gretel, produites par Geordie Theatre, ont re\u00e7u un accueil enthousiaste de la presse. En 2003, il a jou\u00e9 dans\u00a0L\u2019Alchimiste, pi\u00e8ce \u00e0 succ\u00e8s du Th\u00e9\u00e2tre du Rideau Vert adapt\u00e9e du livre du m\u00eame nom de Paulo Coelho. En plus de son r\u00f4le de directeur musical, il fut \u00e9galement interpr\u00e8te dans\u00a0Le Lion du Panjshir, produit par l\u2019Ensemble Mahapooram et\u00a0En Himalayas, produit par Danse Kalashas et l\u2019Usine C. En 2006, il a compos\u00e9 la musique pour la chor\u00e9graphie solo de la danseuse Manijeh Ali,\u00a0Spirit of the Mountain.\n<\/p>\n<p><span class=\"floatright\" style=\"margin-left: 20px;\"><img loading=\"lazy\" decoding=\"async\" class=\"border\" src=\"http:\/\/ombu.ca\/wp-content\/uploads\/2011\/11\/ShawnMativetskyHQ2003.jpg\" alt=\"Shawn Mativetsky 2003\" title=\"Shawn Mativetsky 2003\" width=\"250\" height=\"375\" \/><br \/>\n<span class=\"credit\">photo : Jymmie Hum<\/span><br \/>\n<\/span> Il s\u2019est \u00e9galement produit avec Ramasutra, Ensemble Mont-Royal, Kore, Matter of Time, Ensemble Mahapooram, l\u2019ensemble Lithium, GEMS, le Montreal Organ Consort et le duo Sheppard-Lanza, ainsi qu\u2019avec des orchestres symphoniques au Canada. Ses prestations ont \u00e9t\u00e9 enregistr\u00e9es pour la radio et la t\u00e9l\u00e9vision, notamment pour CBC, Radio-Canada, Bravo, CH Montreal, et Zee Music (Royaume-Uni \/ Inde). En 2000, son enregistrement avec Ramasutra s\u2019est vu d\u00e9cerner un F\u00e9lix de l\u2019ADISQ ainsi qu\u2019une nomination pour les Juno Awards.\n<\/p>\n<p>\nEn plus de ses \u00e9tudes en musique indienne, Shawn Mativetsky a re\u00e7u une formation de percussions classiques occidentales avec Pierre B\u00e9luse, D\u2019Arcy Gray, Andrei Malashenko et Robert Slapcoff, ainsi que des percussions de la danse-th\u00e9\u00e2tre\u00a0kathakali\u00a0avec Bruno Paquet. Il d\u00e9tient une ma\u00eetrise en musique de l\u2019Universit\u00e9 McGill et a re\u00e7u des bourses du Conseil des Arts du Canada, du minist\u00e8re du Patrimoine canadien et du Conseil des arts et des lettres du Qu\u00e9bec.\u00a0\n<\/p>\n<p>\nShawn Mativetsky est commandit\u00e9 par SABIAN Cymbals.<\/p>\n","protected":false},"excerpt":{"rendered":"<p>photo : David Babcock Percussionniste polyvalent,\u00a0Shawn Mativetsky ex\u00e9cute avec dynamisme et brio des pi\u00e8ces de tous genres. Tout aussi \u00e0 l\u2019aise dans la musique traditionnelle de l\u2019Inde que dans la musique du monde ainsi que dans la musique occidentale classique, contemporaine et actuelle, Shawn Mativetsky collabore \u00e9galement \u00e0 des productions de danse et de th\u00e9\u00e2tre [&hellip;]<\/p>\n","protected":false},"author":1,"featured_media":0,"parent":0,"menu_order":0,"comment_status":"open","ping_status":"open","template":"","meta":{"footnotes":""},"class_list":["post-100","page","type-page","status-publish","hentry"],"_links":{"self":[{"href":"https:\/\/ombu.ca\/fr\/wp-json\/wp\/v2\/pages\/100","targetHints":{"allow":["GET"]}}],"collection":[{"href":"https:\/\/ombu.ca\/fr\/wp-json\/wp\/v2\/pages"}],"about":[{"href":"https:\/\/ombu.ca\/fr\/wp-json\/wp\/v2\/types\/page"}],"author":[{"embeddable":true,"href":"https:\/\/ombu.ca\/fr\/wp-json\/wp\/v2\/users\/1"}],"replies":[{"embeddable":true,"href":"https:\/\/ombu.ca\/fr\/wp-json\/wp\/v2\/comments?post=100"}],"version-history":[{"count":12,"href":"https:\/\/ombu.ca\/fr\/wp-json\/wp\/v2\/pages\/100\/revisions"}],"predecessor-version":[{"id":168,"href":"https:\/\/ombu.ca\/fr\/wp-json\/wp\/v2\/pages\/100\/revisions\/168"}],"wp:attachment":[{"href":"https:\/\/ombu.ca\/fr\/wp-json\/wp\/v2\/media?parent=100"}],"curies":[{"name":"wp","href":"https:\/\/api.w.org\/{rel}","templated":true}]}}