{"id":118,"date":"2011-11-06T22:58:04","date_gmt":"2011-11-06T22:58:04","guid":{"rendered":"http:\/\/ombu.ca\/fr\/?page_id=118"},"modified":"2011-11-07T01:25:50","modified_gmt":"2011-11-07T01:25:50","slug":"minnareshin","status":"publish","type":"page","link":"https:\/\/ombu.ca\/fr\/minnareshin\/","title":{"rendered":"Minna Re Shin &#8211; Pianiste"},"content":{"rendered":"<p> <span class=\"floatleft\"><img loading=\"lazy\" decoding=\"async\" class=\"border\" title=\"\" src=\"\/images\/1011_2.jpg\" width=\"200\" height=\"300\" alt=\"Minna\"\/><br \/><span class=\"credit\">photo: Yves Lacombe<\/span><\/span> Minna Re Shin est une vedette montante de la sc\u00e8ne classique canadienne. Cette jeune pianiste polyvalente a gagn\u00e9 l&#8217;enthousiasme par son r\u00e9pertoire tr\u00e8s diversifi\u00e9, allant des oeuvres baroques aux oeuvres contemporaines les plus innovatrices. \tB\u00e9n\u00e9ficiaire de nombreux prix et bourses, y compris ceux du Conseil des Arts du Canada, du Conseil des Arts et des Lettres du Qu\u00e9bec, et FACTOR (The Foundation to Assist Canadian Talent On Records), elle subjugue le public par sa virtuosit\u00e9, sa maturit\u00e9 artistique, sa pr\u00e9sence sur la sc\u00e8ne, et une rare sensibilit\u00e9.  Critiques et spectateurs, ici et \u00e0 l\u2019\u00e9tranger, se sont extasi\u00e9s sur ses interpr\u00e9tations \u00ab&nbsp;intenses \u00bb, \u00ab&nbsp;inspirantes \u00bb et \u00ab&nbsp;dynamiques \u00bb, d&#8217;ailleurs remarqu\u00e9es par le l\u00e9gendaire pianiste russe Lazar Berman qui a soulign\u00e9 \u00ab&nbsp;le grand talent \u00bb de Minna Re Shin.\n<\/p>\n<p> N\u00e9e \u00e0 Montr\u00e9al, Minna Re Shin entreprend l&#8217;\u00e9tude du piano d\u00e8s l&#8217;\u00e2ge de six ans. Elle termine ses \u00e9tudes au Conservatoire royal de musique de Toronto avec les plus grands honneurs, d\u00e9crochant le dipl\u00f4me A.R.C.T. (Associateship of the Royal Conservatory of Music), la m\u00e9daille d&#8217;or et la bourse Helen Tough Murray.  Ensuite, elle poursuit sa formation musicale \u00e0 l&#8217;Universit\u00e9 Temple de Philadelphie gr\u00e2ce \u00e0 une bourse importante d\u00e9cern\u00e9e par cette institution, puis \u00e0 l&#8217;Universit\u00e9 McGill o\u00f9 elle a rapport\u00e9 un baccalaur\u00e9at en interpr\u00e9tation solo avec la mention Grande Distinction et s&#8217;est plac\u00e9e premi\u00e8re de sa classe \u00e0 l&#8217;\u00e2ge de dix-neuf ans. Ensuite, \u00e0 la m\u00eame institution, elle a obtenu une ma\u00eetrise en interpr\u00e9tation solo, encore avec la mention Grande Distinction.  Elle est aujourd&#8217;hui titulaire d&#8217;un doctorat en interpr\u00e9tation de l&#8217;Universit\u00e9 de Montr\u00e9al, o\u00f9 elle s&#8217;est sp\u00e9cialis\u00e9e dans le r\u00e9pertoire du XXe si\u00e8cle, et d&#8217;un doctorat en th\u00e9orie de la musique de l&#8217;Universit\u00e9 McGill, o\u00f9 elle s&#8217;est principalement int\u00e9ress\u00e9e \u00e0 la musique du XIXe si\u00e8cle.  Les professeurs avec qui elle a travaill\u00e9, citons Charles Reiner, Alain Lef\u00e9vre, Anton Kuerti, Menahem Pressler, Lazar Berman, et Sergei Dorensky.\n<\/p>\n<p> <span class=\"floatright\"><img loading=\"lazy\" decoding=\"async\" class=\"border\" title=\"\" src=\"\/images\/minnareshin_3.jpg\" width=\"307\" height=\"200\" alt=\"Minna\"\/><br \/><span class=\"credit\">photo: Yves Lacombe<\/span><\/span> Minna Re Shin s&#8217;est distingu\u00e9e lors de nombreux concours nationaux et internationaux. Elle a notamment remport\u00e9 le premier prix au Concours de l&#8217;Orchestre symphonique de Montr\u00e9al en 1990 et au Concours de musique du Canada en 1980 et 1984.  En 1988, elle a gagn\u00e9 le premier prix, cat\u00e9gorie piano, de m\u00eame que le Grand Prix surmontant toutes les cat\u00e9gories instrumentales au Concours national de musique.  Laur\u00e9ate du Concours international Concertino Praga en 1984, elle a \u00e9t\u00e9 invit\u00e9e par le gouvernement tch\u00e9coslovaque pour effectuer une tourn\u00e9e en Tch\u00e9coslovaquie.  En outre, elle a \u00e9t\u00e9 laur\u00e9ate du Concours international de Stravinsky en 1985.\n<\/p>\n<p> Depuis son d\u00e9but solo \u00e0 l&#8217;\u00e2ge de dix ans avec l&#8217;Orchestre symphonique de Montr\u00e9al sous la direction de Mario Duschenes, cette jeune artiste s&#8217;est produite en Am\u00e9rique du Nord, en Europe, en Australie, et en Chine.  Elle a re\u00e7u de tr\u00e8s grands \u00e9loges, tant lors de ses r\u00e9citals, que comme soliste en concert avec plusieurs orchestres dont l&#8217;Orchestre symphonique de Montr\u00e9al, l&#8217;Orchestre de chambre de Montr\u00e9al, et l&#8217;orchestre de chambre I Musici de Montr\u00e9al, sous la direction de chefs tels que Charles Dutoit, Marc David, et Timothy Vernon.  Minna Re Shin a \u00e9t\u00e9 invit\u00e9e \u00e0 participer \u00e0 plusieurs conf\u00e9rences de musique et festivals dont le Nordic Contemporary Music Festival \u00e0 Montr\u00e9al.  Lors de ce dernier festival, elle a interpr\u00e9t\u00e9, en premi\u00e8re canadienne, le Concerto pour piano no. 4 du compositeur finnois Mikko Heinio avec les McGill Chamber Singers et la McGill Sinfonietta, sous la direction d&#8217;Iwan Edwards. Elle s&#8217;est produite dans le cadre de diff\u00e9rents colloques musicaux, notamment \u00e0 la <em>Music Theory Midwest Conference<\/em> et \u00e0 la <em>Feminist Theory and Music 4 Conference<\/em>, en Virginie, o\u00f9 elle a donn\u00e9 un r\u00e9cital-conf\u00e9rence consacr\u00e9 \u00e0 la Sonate en si mineur de Liszt. En outre, elle a \u00e9t\u00e9 invit\u00e9e \u00e0 donner des cours de ma\u00eetre aux  universit\u00e9s importantes et \u00e9coles importantes sp\u00e9cialis\u00e9es dans les arts au Canada, en Australie, et en Chine.\n<\/p>\n<p> <span class=\"floatleft\"><img loading=\"lazy\" decoding=\"async\" class=\"border\" title=\"\" src=\"\/images\/minnareshin_2.jpg\" width=\"318\" height=\"200\" alt=\"Minna\"\/><br \/><span class=\"credit\">photo: Yves Lacombe<\/span><\/span> Minna Re Shin s&#8217;est souvent produite \u00e0 la radio et \u00e0 la t\u00e9l\u00e9vision depuis ses d\u00e9buts radiophoniques \u00e0 Radio-Canada, \u00e0 l&#8217;\u00e2ge de dix ans. Depuis lors, beaucoup de ses prestations ont \u00e9t\u00e9 diffus\u00e9es sur l&#8217;ensemble des r\u00e9seaux de Radio-Canada et de la CBC. Elle a \u00e9galement \u00e9t\u00e9 invit\u00e9e \u00e0 de nombreuses \u00e9missions de t\u00e9l\u00e9vision et notamment \u00e0 l&#8217;\u00e9mission de vari\u00e9t\u00e9s de Ren\u00e9 Simard en 1985. Son premier r\u00e9cital en Chine, en 2002, a \u00e9t\u00e9 diffus\u00e9 dans toute la r\u00e9gion de P\u00e9kin par le r\u00e9seau CCTV.\n<\/p>\n<p> Le CD de d\u00e9but de Minna Re Shin, consacr\u00e9 \u00e0 des sonates pour piano de Haydn sur \u00e9tiquette productions omb\u00fa, a \u00e9t\u00e9 lanc\u00e9 r\u00e9cemment et fut salu\u00e9 avec enthousiasme, par le public et les critiques.  <em>Le Journal de Montr\u00e9al<\/em> l&#8217;a acclam\u00e9 \u00ab&nbsp;une grande interpr\u00e8te avec beaucoup de sensibilit\u00e9 et d&#8217;intelligence&nbsp;\u00bb, <em>Ici Montr\u00e9al<\/em> l&#8217;a lou\u00e9 sa \u00ab&nbsp;belle prestation&nbsp;\u00bb, et le compositeur canadien Andrew MacDonald a remarqu\u00e9 que \u00ab&nbsp;cet enregistrement est un vrai tr\u00e9sor&nbsp;\u00bb.  Apr\u00e8s le succ\u00e8s de cet enregistrement, elle a entrepris un projet d&#8217;enregistrement multi avec omb\u00fa. Son deuxi\u00e8me album solo, <a href=\"\/fr\/1011\/\"><em>Images &amp; Ballades<\/em><\/a> qui consiste des oeuvres de compositeurs canadiens Alain Payette et Jean Coulthard, a \u00e9te lanc\u00e9 en printemps 2007.\n<\/p>\n<p class=\"heading\">Critiques<\/p>\n<p>\u00ab&nbsp;un r\u00e9cital de piano des plus fascinants et captivants &#8230; une d\u00e9monstration envo\u00fbtante ponctu\u00e9e de contrastes saisissants o\u00f9 [Minna Re Shin] se montre d\u00e8s le d\u00e9but en pleine possession de ses dons d&#8217;interpr\u00e8te cr\u00e9atrice.&nbsp;\u00bb &#8211; <strong><em>Bengt Hambraeus, compositeuret pr\u00e9c\u00e9dent critique de musique de la Corporation de l\u2019\u00e9mission su\u00e9doise<\/em><\/strong>\n<\/p>\n<p> \u00ab&nbsp;Une grande pianiste &#8230; au piano [Minna Re Shin] d\u00e9borde de dynamisme. Ses auditoires sont fascin\u00e9s autant par sa puissance physique que par son expression artistique.&nbsp;\u00bb &#8211; <strong><em>Acc\u00e8s Laurentides<\/em><\/strong>\n<\/p>\n<p> \u00ab&nbsp;&#8230; la r\u00e9v\u00e9lation d&#8217;une jeune pianiste d&#8217;origine orientale, Minna Re Shin. L&#8217;articulation est parfaite, mais ce sont surtout les qualit\u00e9s musicales et expressives (&#8230;) qu&#8217;on admire: musicalit\u00e9, contr\u00f4le, jeu tour \u00e0 tour viril et caressant, dosage nuanc\u00e9 des dynamiques, maturit\u00e9.&nbsp;\u00bb &#8211; <strong><em>La Presse<\/em><\/strong>\n<\/p>\n<p> \u00ab &#8230; l&#8217;immense talent de Minna Re Shin, le s\u00e9rieux de son travail, et l&#8217;intelligence de sa perception musicale. \u00bb &#8211; <strong><em>Alain Lef\u00e8vre<\/em><\/strong>\n<\/p>\n<p> \u00ab[Minna Re Shin] compte parmi les musiciens les plus accomplis du Canada. N\u00e9e et \u00e9lev\u00e9e \u00e0 Montr\u00e9al, cette jeune femme de talent joue du piano avec tant de ma\u00eetrise technique et de musicalit\u00e9 que ses interpr\u00e9tations semblent \u00e9maner de la pens\u00e9e du compositeur&#8230; sa virtuosit\u00e9  et ses dons musicaux respirent l&#8217;honn\u00eatet\u00e9 et l&#8217;aisance, et t\u00e9moignent d&#8217;une profonde intelligence de l&#8217;oeuvre interpr\u00e9t\u00e9e.\u00bb &#8211; <strong><em>Andrew MacDonald, compositeur<\/em><\/strong>\n<\/p>\n<p><br clear=\"all\" \/><br \/><\/p>\n","protected":false},"excerpt":{"rendered":"<p>photo: Yves Lacombe Minna Re Shin est une vedette montante de la sc\u00e8ne classique canadienne. Cette jeune pianiste polyvalente a gagn\u00e9 l&#8217;enthousiasme par son r\u00e9pertoire tr\u00e8s diversifi\u00e9, allant des oeuvres baroques aux oeuvres contemporaines les plus innovatrices. B\u00e9n\u00e9ficiaire de nombreux prix et bourses, y compris ceux du Conseil des Arts du Canada, du Conseil des [&hellip;]<\/p>\n","protected":false},"author":1,"featured_media":0,"parent":0,"menu_order":0,"comment_status":"open","ping_status":"open","template":"","meta":{"footnotes":""},"class_list":["post-118","page","type-page","status-publish","hentry"],"_links":{"self":[{"href":"https:\/\/ombu.ca\/fr\/wp-json\/wp\/v2\/pages\/118","targetHints":{"allow":["GET"]}}],"collection":[{"href":"https:\/\/ombu.ca\/fr\/wp-json\/wp\/v2\/pages"}],"about":[{"href":"https:\/\/ombu.ca\/fr\/wp-json\/wp\/v2\/types\/page"}],"author":[{"embeddable":true,"href":"https:\/\/ombu.ca\/fr\/wp-json\/wp\/v2\/users\/1"}],"replies":[{"embeddable":true,"href":"https:\/\/ombu.ca\/fr\/wp-json\/wp\/v2\/comments?post=118"}],"version-history":[{"count":3,"href":"https:\/\/ombu.ca\/fr\/wp-json\/wp\/v2\/pages\/118\/revisions"}],"predecessor-version":[{"id":147,"href":"https:\/\/ombu.ca\/fr\/wp-json\/wp\/v2\/pages\/118\/revisions\/147"}],"wp:attachment":[{"href":"https:\/\/ombu.ca\/fr\/wp-json\/wp\/v2\/media?parent=118"}],"curies":[{"name":"wp","href":"https:\/\/api.w.org\/{rel}","templated":true}]}}