{"id":121,"date":"2011-11-06T23:01:09","date_gmt":"2011-11-06T23:01:09","guid":{"rendered":"http:\/\/ombu.ca\/fr\/?page_id=121"},"modified":"2011-11-06T23:01:09","modified_gmt":"2011-11-06T23:01:09","slug":"milesperkin","status":"publish","type":"page","link":"https:\/\/ombu.ca\/fr\/milesperkin\/","title":{"rendered":"Miles Perkin &#8211; basse, voix, composition, chef d&#8217;ensemble"},"content":{"rendered":"<p><span class=\"floatright\"><img loading=\"lazy\" decoding=\"async\" class=\"border\" title=\"\" src=\"\/images\/miles_perkin.jpg\" width=\"200\" height=\"267\" alt=\"Miles Perkin\"\/><br \/><span class=\"fineprint\">Miles Perkin<br \/>Chef de l&#8217;ensemble et compositeur<br \/>Photo: Michael Slobodian<\/span><\/span><\/p>\n<p>\n\u00c0 24 ans, le contrebassiste acoustique Miles Perkin se d\u00e9marque d\u00e9j\u00e0 sur la sc\u00e8ne musicale montr\u00e9alaise comme en t\u00e9moigne sa participation aux projets de cr\u00e9ation de Thom Gossage (Other Voices), du Quatuor Fran\u00e7ois Bourassa, du Quintette Frank Lozano, de Tom Walsh (N.O.M.A. et Phat hed), du Trio Marianne Trudel, de Phillippe Lauzier (Trio Lauzier\/Kuster\/Perkin), d&#8217;Erik Hove (Soundclash, Quatuor Erik Hove) et du Quatuor de contrebasses du Mont-Royal.\n<\/p>\n<p>\nMiles Perkin a pris part \u00e0 deux reprises aux ateliers de jazz du <em>Centre des arts de Banff<\/em>, o\u00f9 il a eu l&#8217;occasion de jouer avec Joe Lovano, Chris Potter, et Django Bates. Miles Perkin est titulaire d&#8217;un baccalaur\u00e9at en musique de l&#8217;Universit\u00e9 McGill et a \u00e9tudi\u00e9 la composition aupr\u00e8s de Bob Brookmeyer \u00e0 l&#8217;Universit\u00e9 de Brandon, en 2003. ll a r\u00e9cemment obtenu une bourse d&#8217;\u00e9tudes du Conseil des arts du Canada afin de poursuivre ses \u00e9tudes \u00e0 New York en 2006.\n<\/p>\n<p>\nDurant sa jeune carri\u00e8re, il a d\u00e9j\u00e0 eu l&#8217;occasion de donner un concert en duo avec le l\u00e9gendaire jazzman am\u00e9ricain Bob Brookmeyer et le saxophoniste new-yorkais Dave Binney. Il a particip\u00e9 \u00e0 trois tourn\u00e9es canadiennes et s&#8217;est produit dans la plupart des grands festivals de jazz canadiens, notamment ceux de Montr\u00e9al, Toronto, Ottawa, Vancouver, Edmonton, Calgary, St. John&#8217;s, Dawson City et Halifax. Il a \u00e9galement enregistr\u00e9 des prestations pour l&#8217;\u00e9mission radiophonique <em>Jazz Beat<\/em> de la CBC.\n<\/p>\n<p>\nMiles Perkin joue et collabore souvent avec nombre des meilleurs musiciens montr\u00e9alais tels Steve Amirault, Remi Bolduc, Lori Freedman, Kelsley Grant, Christine Jensen, Renee Lee, Andr\u00e9 Leroux, Joel Miller, Charles Papasoff, Rainer Wiens, et J. S. Williams, pour ne nommer que ceux-l\u00e0.\n<\/p>\n<p>\nMalgr\u00e9 son agenda tr\u00e8s charg\u00e9, Miles Perkin est \u00e9galement un compositeur f\u00e9cond. Il dirige l&#8217;ensemble de cinq musiciens Common Thread qui n&#8217;interpr\u00e8te que ses compositions. Le Conseil des arts du Canada a d&#8217;ailleurs appuy\u00e9 financi\u00e8rement la production de son premier disque avec cet ensemble qui para\u00eetra \u00e0 l&#8217;automne 2005 sous \u00e9tiquette omb\u00fa.\n<\/p>\n<p class=\"heading\">Common Thread <\/p>\n<p>\nDepuis qu&#8217;il a fond\u00e9 Common Thread en 2003, le bassiste Miles Perkin a fait de ce quintette le principal vecteur de ses compositions. Le titre Common Thread \u00e9voque l&#8217;inter-influence que la composition et l&#8217;improvisation exercent l&#8217;une sur l&#8217;autre. La musique de Common Thread est \u00e0 composition continue et poss\u00e8de une certaine qualit\u00e9 narrative. Les oeuvres interpr\u00e9t\u00e9es par cet ensemble font appel \u00e0 un m\u00e9lange d&#8217;\u00e9l\u00e9ments divers qui entra\u00eenent souvent les musiciens et les auditeurs dans un territoire sonore nouveau et stimulant.\n<\/p>\n<p>\nCommon Thread :<br \/>\n<strong>Erik Hove<\/strong> &#8211; saxophone alto<br \/>\n<strong>Chet Doxas<\/strong> &#8211; saxophone t\u00e9nor, clarinette<\/p>\n<p><strong>Josh Rager<\/strong> &#8211; piano, Fender Rhodes<br \/>\n<strong>Thom Gossage<\/strong> &#8211; batterie, percussion<br \/>\n<strong>Miles Perkin<\/strong> &#8211;  basse, voix, composition, chef d&#8217;ensemble\n<\/p>\n<p><br clear=\"all\" \/><br \/><\/p>\n","protected":false},"excerpt":{"rendered":"<p>Miles PerkinChef de l&#8217;ensemble et compositeurPhoto: Michael Slobodian \u00c0 24 ans, le contrebassiste acoustique Miles Perkin se d\u00e9marque d\u00e9j\u00e0 sur la sc\u00e8ne musicale montr\u00e9alaise comme en t\u00e9moigne sa participation aux projets de cr\u00e9ation de Thom Gossage (Other Voices), du Quatuor Fran\u00e7ois Bourassa, du Quintette Frank Lozano, de Tom Walsh (N.O.M.A. et Phat hed), du Trio [&hellip;]<\/p>\n","protected":false},"author":1,"featured_media":0,"parent":0,"menu_order":0,"comment_status":"open","ping_status":"open","template":"","meta":{"footnotes":""},"class_list":["post-121","page","type-page","status-publish","hentry"],"_links":{"self":[{"href":"https:\/\/ombu.ca\/fr\/wp-json\/wp\/v2\/pages\/121","targetHints":{"allow":["GET"]}}],"collection":[{"href":"https:\/\/ombu.ca\/fr\/wp-json\/wp\/v2\/pages"}],"about":[{"href":"https:\/\/ombu.ca\/fr\/wp-json\/wp\/v2\/types\/page"}],"author":[{"embeddable":true,"href":"https:\/\/ombu.ca\/fr\/wp-json\/wp\/v2\/users\/1"}],"replies":[{"embeddable":true,"href":"https:\/\/ombu.ca\/fr\/wp-json\/wp\/v2\/comments?post=121"}],"version-history":[{"count":1,"href":"https:\/\/ombu.ca\/fr\/wp-json\/wp\/v2\/pages\/121\/revisions"}],"predecessor-version":[{"id":122,"href":"https:\/\/ombu.ca\/fr\/wp-json\/wp\/v2\/pages\/121\/revisions\/122"}],"wp:attachment":[{"href":"https:\/\/ombu.ca\/fr\/wp-json\/wp\/v2\/media?parent=121"}],"curies":[{"name":"wp","href":"https:\/\/api.w.org\/{rel}","templated":true}]}}