{"id":124,"date":"2011-11-06T23:19:01","date_gmt":"2011-11-06T23:19:01","guid":{"rendered":"http:\/\/ombu.ca\/fr\/?page_id=124"},"modified":"2011-11-06T23:19:38","modified_gmt":"2011-11-06T23:19:38","slug":"skyeconsort","status":"publish","type":"page","link":"https:\/\/ombu.ca\/fr\/skyeconsort\/","title":{"rendered":"Skye Consort"},"content":{"rendered":"<p>\n<span class=\"floatleft\"><img loading=\"lazy\" decoding=\"async\" class=\"border\" src=\"\/images\/skye_consort.jpg\" width=\"231\" height=\"200\" alt=\"Skye Consort\" title=\"Skye Consort\" \/><br \/><span class=\"credit\">photo: H. Fortin<\/span><\/span> Skye Consort, fond\u00e9 en 1999, se produit en tourn\u00e9e et participe \u00e0 des festivals de musique de chambre dans l&#8217;est du Canada. L&#8217;ensemble s&#8217;est fix\u00e9 pour but d&#8217;insuffler l&#8217;esth\u00e9tique de la musique savante \u00e0 la musique populaire dite folk, mais dans ce projet, le pendule oscille dans l&#8217;autre direction et certaines vieilles musiques savantes (et folk) sont soumises \u00e0 un traitement folk tout \u00e0 fait moderne. Skye Consort interpr\u00e8te les chansons et les danses r\u00e9unies ici sans aucune contrainte historique ou musicologique, exactement comme il le ferait de toute musique folk, c&#8217;est-\u00e0-dire \u00e0 seule fin de lui donner vie pour nos oreilles modernes. La musique festive y prend un air de f\u00eate, les chansons d&#8217;amour sont romantiques et les chansons \u00e0 boire enivrantes.\n<\/p>\n<p><br clear=\"left\" \/><\/p>\n<p> <span class=\"floatleft\"><img loading=\"lazy\" decoding=\"async\" class=\"border\" src=\"\/images\/skye_consort_sean.jpg\" width=\"100\" height=\"135\" alt=\"Se\u00e1n Dagher\" title=\"Se\u00e1n Dagher\" \/><br \/><span class=\"credit\">photo: H. Fortin<\/span><\/span> <strong>Se\u00e1n Dagher<\/strong> interpr\u00e8te r\u00e9guli\u00e8rement de la musique celtique au Qu\u00e9bec et en Ontario et s&#8217;est m\u00eame produit en Irlande et en Suisse. Il a aussi jou\u00e9 avec les ensembles de musique m\u00e9di\u00e9vale La Compagnie Machaut et Mandragore.\n<\/p>\n<p><span class=\"floatright\"><img loading=\"lazy\" decoding=\"async\" class=\"border\" src=\"\/images\/skye_consort_alex.jpg\" width=\"100\" height=\"135\" alt=\"Alex Kehler\" title=\"Alex Kehler\" \/><br \/><span class=\"credit\">photo: H. Fortin<\/span><\/span> <strong>Alex Kehler<\/strong> joue principalement du violon celtique, klezmer et baroque, mais il pratique aussi (volontiers) tous les autres styles avec la m\u00eame adresse et la m\u00eame musicalit\u00e9. Il est, depuis dix ans, l&#8217;un des violonistes les plus recherch\u00e9s de Montr\u00e9al.\n<\/p>\n<p><br clear=\"left\" \/><\/p>\n<p><span class=\"floatleft\"><img loading=\"lazy\" decoding=\"async\" class=\"border\" src=\"\/images\/skye_consort_amanda.jpg\" width=\"100\" height=\"135\" alt=\"Amanda Keesmaat\" title=\"Amanda Keesmaat\" \/><br \/><span class=\"credit\">photo: H. Fortin<\/span><\/span> <strong>Amanda Keesmaat<\/strong> assure le continuo dans de nombreux ensembles baroques de Montr\u00e9al. Elle est membre fondatrice de l&#8217;ensemble Les Voix Baroques et s&#8217;est produite en tourn\u00e9e au Canada.\n<\/p>\n<p> <span class=\"floatright\"><img loading=\"lazy\" decoding=\"async\" class=\"border\" src=\"\/images\/skye_consort_andrew.jpg\" width=\"100\" height=\"135\" alt=\"Andrew Horton\" title=\"Andrew Horton\" \/><br \/><span class=\"credit\">photo: H. Fortin<\/span><\/span> <strong>Andrew Horton<\/strong> m\u00e8ne une double carri\u00e8re de contrebassiste dans des orchestres modernes et baroques et des ensembles de chambre, et de chanteur et guitariste dans des ensembles de bluegrass, principalement au sein du Andrew Horton Band.\n<\/p>\n<p><br clear=\"all\" \/><\/p>\n<div style=\"min-height: 175px;\">\n&nbsp;<br \/>\n<br clear=\"all\" \/>\n<\/div>\n","protected":false},"excerpt":{"rendered":"<p>photo: H. Fortin Skye Consort, fond\u00e9 en 1999, se produit en tourn\u00e9e et participe \u00e0 des festivals de musique de chambre dans l&#8217;est du Canada. L&#8217;ensemble s&#8217;est fix\u00e9 pour but d&#8217;insuffler l&#8217;esth\u00e9tique de la musique savante \u00e0 la musique populaire dite folk, mais dans ce projet, le pendule oscille dans l&#8217;autre direction et certaines vieilles [&hellip;]<\/p>\n","protected":false},"author":1,"featured_media":0,"parent":0,"menu_order":0,"comment_status":"open","ping_status":"open","template":"","meta":{"footnotes":""},"class_list":["post-124","page","type-page","status-publish","hentry"],"_links":{"self":[{"href":"https:\/\/ombu.ca\/fr\/wp-json\/wp\/v2\/pages\/124","targetHints":{"allow":["GET"]}}],"collection":[{"href":"https:\/\/ombu.ca\/fr\/wp-json\/wp\/v2\/pages"}],"about":[{"href":"https:\/\/ombu.ca\/fr\/wp-json\/wp\/v2\/types\/page"}],"author":[{"embeddable":true,"href":"https:\/\/ombu.ca\/fr\/wp-json\/wp\/v2\/users\/1"}],"replies":[{"embeddable":true,"href":"https:\/\/ombu.ca\/fr\/wp-json\/wp\/v2\/comments?post=124"}],"version-history":[{"count":3,"href":"https:\/\/ombu.ca\/fr\/wp-json\/wp\/v2\/pages\/124\/revisions"}],"predecessor-version":[{"id":127,"href":"https:\/\/ombu.ca\/fr\/wp-json\/wp\/v2\/pages\/124\/revisions\/127"}],"wp:attachment":[{"href":"https:\/\/ombu.ca\/fr\/wp-json\/wp\/v2\/media?parent=124"}],"curies":[{"name":"wp","href":"https:\/\/api.w.org\/{rel}","templated":true}]}}