{"id":131,"date":"2011-11-07T00:42:29","date_gmt":"2011-11-07T00:42:29","guid":{"rendered":"http:\/\/ombu.ca\/fr\/?page_id=131"},"modified":"2011-11-07T00:42:35","modified_gmt":"2011-11-07T00:42:35","slug":"paulcram","status":"publish","type":"page","link":"https:\/\/ombu.ca\/fr\/paulcram\/","title":{"rendered":"Paul Cram"},"content":{"rendered":"<p><span class=\"floatright\"><img loading=\"lazy\" decoding=\"async\" class=\"border\" title=\"\" src=\"\/images\/paul_cram.jpg\" width=\"200\" height=\"270\" alt=\"Paul Cram - Compositeur\"\/><br \/><span class=\"fineprint\">Paul Cram<br \/>leader et producteur du PCO<\/span><\/span><\/p>\n<p>\nPaul Cram, qui a \u00e9t\u00e9 musicien pigiste presque toute sa vie, est \u00e9galement compositeur depuis 25 ans. Son int\u00e9r\u00eat pour la cr\u00e9ation date du d\u00e9but des ann\u00e9es 70 lorsqu&#8217;il d\u00e9couvre la musique de Charles Mingus, du Art Ensemble of Chicago, de Cecil Taylor, de Sam Rivers, d&#8217;Anthony Braxton, de Willem Breuker, et d&#8217;une foule d&#8217;autres musiciens.\n<\/p>\n<p>\nEn 1982, Cram amorce sa carri\u00e8re de compositeur et de chef d&#8217;ensemble \u00e0 la t\u00eate de diff\u00e9rents groupes en tourn\u00e9e au Canada. En 1985, \u00e0 la demande du Festival de jazz de Toronto, il cr\u00e9e le premier Paul Cram Orchestra. Gr\u00e2ce \u00e0 l&#8217;appui du Conseil des arts du Canada, l&#8217;ensemble, augment\u00e9 du saxophoniste invit\u00e9 Julius Hemphill, enregistre Beyond Benghazi, mis en nomination pour un Juno.\n<\/p>\n<p>\nDix ans plus tard, \u00e9tabli dans les Maritimes, Cram remanie le PCO, r\u00e9arrange les compositions cr\u00e9\u00e9es pour son premier ensemble, ainsi que pour l&#8217;Hemispheres Ensemble et l&#8217;Upstream Ensemble, et signe de nouvelles oeuvres. Son nouvel ensemble comprend dix musiciens, tous interpr\u00e8tes et improvisateurs accomplis, qui comptent parmi les meilleurs des provinces atlantiques.\n<\/p>\n<p>\nLe nouveau PCO fait ses d\u00e9buts au Festival de jazz de l&#8217;Atlantiqe en 1998, et s&#8217;y produit de nouveau en 1999. Au printemps 2000, il fait une premi\u00e8re tourn\u00e9e canadienne qui l&#8217;am\u00e8ne \u00e0 Halifax, Toronto, Ottawa et Victoriaville (Qu\u00e9bec) o\u00f9 il participe au Festival international de musique actuelle.\n<\/p>\n<p>\nDurant une deuxi\u00e8me tourn\u00e9e effectu\u00e9e en septembre 2001 dans la foul\u00e9e de la sortie de son premier disque, Campin Out, paru sous \u00e9tiquette Victo, l&#8217;ensemble s&#8217;arr\u00eate \u00e0 Halifax, Ottawa (Biblioth\u00e8que nationale du Canada), Guelph (Festival de jazz de Guelph), Vancouver (Western Front), et Montr\u00e9al (Sala Rossa).\n<\/p>\n<p>\nEn juillet 2002, dans le cadre d&#8217;une autre tourn\u00e9e pancanadienne, le PCO se produit au Yardbird Suite d&#8217;Edmonton, au Festival de jazz de Vancouver, au Off Festival de Montr\u00e9al et au Festival de jazz de l&#8217;Atlantique.\n<\/p>\n<p>\nEn 2005, aux National Jazz Awards, le PCO est mis en nomination dans la cat\u00e9gorie Big Band, et Paul Cram dans la cat\u00e9gorie Meilleur compositeur. Le dernier disque du PCO, <em>Live in Lisbon<\/em>, sous \u00e9tiquette productions omb\u00fa, sera disponible en ligne et en magasin d\u00e8s septembre 2005.\n<\/p>\n<p>\t\t\t\t\t<br clear=\"all\" \/><br \/>\n\t\t\t\t\t<\/p>\n","protected":false},"excerpt":{"rendered":"<p>Paul Cramleader et producteur du PCO Paul Cram, qui a \u00e9t\u00e9 musicien pigiste presque toute sa vie, est \u00e9galement compositeur depuis 25 ans. Son int\u00e9r\u00eat pour la cr\u00e9ation date du d\u00e9but des ann\u00e9es 70 lorsqu&#8217;il d\u00e9couvre la musique de Charles Mingus, du Art Ensemble of Chicago, de Cecil Taylor, de Sam Rivers, d&#8217;Anthony Braxton, de [&hellip;]<\/p>\n","protected":false},"author":1,"featured_media":0,"parent":0,"menu_order":0,"comment_status":"open","ping_status":"open","template":"","meta":{"footnotes":""},"class_list":["post-131","page","type-page","status-publish","hentry"],"_links":{"self":[{"href":"https:\/\/ombu.ca\/fr\/wp-json\/wp\/v2\/pages\/131","targetHints":{"allow":["GET"]}}],"collection":[{"href":"https:\/\/ombu.ca\/fr\/wp-json\/wp\/v2\/pages"}],"about":[{"href":"https:\/\/ombu.ca\/fr\/wp-json\/wp\/v2\/types\/page"}],"author":[{"embeddable":true,"href":"https:\/\/ombu.ca\/fr\/wp-json\/wp\/v2\/users\/1"}],"replies":[{"embeddable":true,"href":"https:\/\/ombu.ca\/fr\/wp-json\/wp\/v2\/comments?post=131"}],"version-history":[{"count":2,"href":"https:\/\/ombu.ca\/fr\/wp-json\/wp\/v2\/pages\/131\/revisions"}],"predecessor-version":[{"id":133,"href":"https:\/\/ombu.ca\/fr\/wp-json\/wp\/v2\/pages\/131\/revisions\/133"}],"wp:attachment":[{"href":"https:\/\/ombu.ca\/fr\/wp-json\/wp\/v2\/media?parent=131"}],"curies":[{"name":"wp","href":"https:\/\/api.w.org\/{rel}","templated":true}]}}