{"id":134,"date":"2011-11-07T01:05:21","date_gmt":"2011-11-07T01:05:21","guid":{"rendered":"http:\/\/ombu.ca\/fr\/?page_id=134"},"modified":"2011-11-07T01:10:37","modified_gmt":"2011-11-07T01:10:37","slug":"followfollow","status":"publish","type":"page","link":"https:\/\/ombu.ca\/fr\/followfollow\/","title":{"rendered":"Follow Follow"},"content":{"rendered":"<p><span class=\"floatright\"><img loading=\"lazy\" decoding=\"async\" class=\"border\" title=\"\" src=\"\/images\/follow_follow_members.jpg\" width=\"350\" height=\"235\" alt=\"Follow Follow members\"\/><\/span> Si vous aviez \u00e0 fusionner les musiques de John Coltrane et de Fela Kuti, vous obtiendriez probablement quelque chose qui ressemble \u00e0 Follow Follow : des rythmes afro-groove soutenus, entrem\u00eal\u00e9s de guitares et de saxophones exalt\u00e9s.\n<\/p>\n<p>\nFond\u00e9 en 2000 par le compositeur et guitariste Rainer Wiens, dans le seul but de faire danser les gens, le groupe r\u00e9unit une l\u00e9gende vivante de la musique actuelle, Jean Derome, et un v\u00e9t\u00e9ran du jazz, Frank Lozano aux saxs. Le ma\u00eetre des percussions et gagnant d&#8217;un prix Opus, Thom Gossage, le bassiste Tommy Babin et les guitaristes Cordell Henebury et Rainer Wiens compl\u00e8tent le groupe.\n<\/p>\n<p>La musique est enjou\u00e9e, le rythme contagieux et la complicit\u00e9 des musiciens est manifeste. Follow Follow interpr\u00e8te des musiques de Fela Kuti, Maceo Parker, Tony Allen, The Super Rail Band et d&#8217;autres ma\u00eetres de l&#8217;African urban dance music.<br \/>\nSoyez pr\u00eats \u00e0 bouger !\n<\/p>\n<p class=\"heading\">Critiques<\/p>\n<ul>\n<li><a href=\"javascript:PopupWindow=window.open('\/promo\/follow_follow_ici.gif','OmbuPromo', 'width=520,height=670,top=65,left=150,scrollbars=yes,resizable=yes');PopupWindow.focus();\">Ici<\/a><\/li>\n<li><a href=\"javascript:PopupWindow=window.open('\/promo\/follow_follow_la_scene_musicale_2005_06.gif','OmbuPromo', 'width=520,height=425,top=65,left=150,scrollbars=yes,resizable=yes');PopupWindow.focus();\">La Scene Musicale<\/a><\/li>\n<li><a href=\"javascript:PopupWindow=window.open('\/promo\/follow_follow_slipcue_2005_10.gif','OmbuPromo', 'width=520,height=225,top=65,left=150,scrollbars=yes,resizable=yes');PopupWindow.focus();\">Slipcue<\/a><\/li>\n<li><a href=\"javascript:PopupWindow=window.open('\/promo\/follow_follow_globeandmail_2005_10_14.gif','OmbuPromo', 'width=520,height=425,top=65,left=150,scrollbars=yes,resizable=yes');PopupWindow.focus();\">Globe and Mail, October 2005<\/a><\/li>\n<\/ul>\n<p><br clear=\"all\" \/><br \/>\n<\/p>\n<div style=\"min-height: 200px;\">\n&nbsp;<br \/>\n<br clear=\"all\" \/>\n<\/div>\n","protected":false},"excerpt":{"rendered":"<p>Si vous aviez \u00e0 fusionner les musiques de John Coltrane et de Fela Kuti, vous obtiendriez probablement quelque chose qui ressemble \u00e0 Follow Follow : des rythmes afro-groove soutenus, entrem\u00eal\u00e9s de guitares et de saxophones exalt\u00e9s. Fond\u00e9 en 2000 par le compositeur et guitariste Rainer Wiens, dans le seul but de faire danser les gens, [&hellip;]<\/p>\n","protected":false},"author":1,"featured_media":0,"parent":0,"menu_order":0,"comment_status":"open","ping_status":"open","template":"","meta":{"footnotes":""},"class_list":["post-134","page","type-page","status-publish","hentry"],"_links":{"self":[{"href":"https:\/\/ombu.ca\/fr\/wp-json\/wp\/v2\/pages\/134","targetHints":{"allow":["GET"]}}],"collection":[{"href":"https:\/\/ombu.ca\/fr\/wp-json\/wp\/v2\/pages"}],"about":[{"href":"https:\/\/ombu.ca\/fr\/wp-json\/wp\/v2\/types\/page"}],"author":[{"embeddable":true,"href":"https:\/\/ombu.ca\/fr\/wp-json\/wp\/v2\/users\/1"}],"replies":[{"embeddable":true,"href":"https:\/\/ombu.ca\/fr\/wp-json\/wp\/v2\/comments?post=134"}],"version-history":[{"count":7,"href":"https:\/\/ombu.ca\/fr\/wp-json\/wp\/v2\/pages\/134\/revisions"}],"predecessor-version":[{"id":141,"href":"https:\/\/ombu.ca\/fr\/wp-json\/wp\/v2\/pages\/134\/revisions\/141"}],"wp:attachment":[{"href":"https:\/\/ombu.ca\/fr\/wp-json\/wp\/v2\/media?parent=134"}],"curies":[{"name":"wp","href":"https:\/\/api.w.org\/{rel}","templated":true}]}}