{"id":186,"date":"2016-11-28T00:38:32","date_gmt":"2016-11-28T00:38:32","guid":{"rendered":"http:\/\/ombu.ca\/fr\/?page_id=186"},"modified":"2016-11-28T00:38:35","modified_gmt":"2016-11-28T00:38:35","slug":"a-propos-ombu","status":"publish","type":"page","link":"https:\/\/ombu.ca\/fr\/","title":{"rendered":"\u00e0 propos des productions omb\u00fa"},"content":{"rendered":"<p><span class=\"floatleft\"><img loading=\"lazy\" decoding=\"async\" class=\"border\" title=\"ombu founding date\" src=\"\/images\/timecode.jpg\" width=\"200\" height=\"274\" alt=\"ombu founding date\"\/><br \/><\/span>Fond\u00e9e en 2002, omb\u00fa productions est une compagnie de m\u00e9dias et de technologie. Dans le but de collaborer et de regrouper diff\u00e9rentes disciplines sous un m\u00eame toit &#8211; d&#8217;o\u00f9 vient l&#8217;ombrelle &#8211; omb\u00fa poss\u00e8de une expertise dans plusieurs domaines. De l&#8217;architecture des syst\u00e8mes informatiques aux logiciels d&#8217;\u00e9criture pour produire des enregistrements audio, omb\u00fa s&#8217;efforce d&#8217;atteindre l&#8217;excellence dans tout ce qu&#8217;elle fait.<\/p>\n","protected":false},"excerpt":{"rendered":"<p>Fond\u00e9e en 2002, omb\u00fa productions est une compagnie de m\u00e9dias et de technologie. Dans le but de collaborer et de regrouper diff\u00e9rentes disciplines sous un m\u00eame toit &#8211; d&#8217;o\u00f9 vient l&#8217;ombrelle &#8211; omb\u00fa poss\u00e8de une expertise dans plusieurs domaines. De l&#8217;architecture des syst\u00e8mes informatiques aux logiciels d&#8217;\u00e9criture pour produire des enregistrements audio, omb\u00fa s&#8217;efforce d&#8217;atteindre [&hellip;]<\/p>\n","protected":false},"author":1,"featured_media":0,"parent":0,"menu_order":0,"comment_status":"closed","ping_status":"closed","template":"","meta":{"footnotes":""},"class_list":["post-186","page","type-page","status-publish","hentry"],"_links":{"self":[{"href":"https:\/\/ombu.ca\/fr\/wp-json\/wp\/v2\/pages\/186","targetHints":{"allow":["GET"]}}],"collection":[{"href":"https:\/\/ombu.ca\/fr\/wp-json\/wp\/v2\/pages"}],"about":[{"href":"https:\/\/ombu.ca\/fr\/wp-json\/wp\/v2\/types\/page"}],"author":[{"embeddable":true,"href":"https:\/\/ombu.ca\/fr\/wp-json\/wp\/v2\/users\/1"}],"replies":[{"embeddable":true,"href":"https:\/\/ombu.ca\/fr\/wp-json\/wp\/v2\/comments?post=186"}],"version-history":[{"count":1,"href":"https:\/\/ombu.ca\/fr\/wp-json\/wp\/v2\/pages\/186\/revisions"}],"predecessor-version":[{"id":187,"href":"https:\/\/ombu.ca\/fr\/wp-json\/wp\/v2\/pages\/186\/revisions\/187"}],"wp:attachment":[{"href":"https:\/\/ombu.ca\/fr\/wp-json\/wp\/v2\/media?parent=186"}],"curies":[{"name":"wp","href":"https:\/\/api.w.org\/{rel}","templated":true}]}}