{"id":27,"date":"2011-10-16T20:49:52","date_gmt":"2011-10-16T20:49:52","guid":{"rendered":"http:\/\/ombu.ca\/fr\/?page_id=27"},"modified":"2011-10-16T20:50:30","modified_gmt":"2011-10-16T20:50:30","slug":"avery","status":"publish","type":"page","link":"https:\/\/ombu.ca\/fr\/avery\/","title":{"rendered":"Avery Gietz"},"content":{"rendered":"<p>\n<span class=\"floatleft\"><img loading=\"lazy\" decoding=\"async\" class=\"border\" title=\"Avery Gietz\" src=\"\/images\/avery.jpg\" width=\"200\" height=\"274\" alt=\"Avery Gietz\"\/><br \/><span class=\"credit\">photo : Christopher Murtagh<\/span><\/span> Avery Gietz poss\u00e8de un solide exp\u00e9rience d&#8217;interpr\u00e8te de sc\u00e8ne, d&#8217;actrice de doublage, de musicienne de studio (piano, percussions et voix) et d&#8217;ing\u00e9nieure du son. Musicienne avant tout, elle a n\u00e9anmoins travaill\u00e9 en post-production chez <em>Sound Venture Productions<\/em>, \u00e0 Ottawa, (o\u00f9 elle a sign\u00e9 le montage de <em>Toad Patrol<\/em>, et chez <em>AudioTelepoint<\/em>, \u00e0 Montr\u00e9al. Sa formation musicale, entreprise il y a plus de 25 ans, est attest\u00e9e par un baccalaur\u00e9at en musique (percussion) de l&#8217;Universit\u00e9 de Victoria et par une ma\u00eetrise en musique (enregistrement sonore) \u00e0 l&#8217;Universit\u00e9 McGill. En 1999, durant ses \u00e9tudes \u00e0 McGill, elle a remport\u00e9 le prix du meilleur enregistrement \u00e9tudiant (cat\u00e9gorie jazz\/pop) de l&#8217;<em>Audio Engineering Society<\/em> (AES).\n<\/p>\n<p><br clear=\"all\" \/><br \/><\/p>\n","protected":false},"excerpt":{"rendered":"<p>photo : Christopher Murtagh Avery Gietz poss\u00e8de un solide exp\u00e9rience d&#8217;interpr\u00e8te de sc\u00e8ne, d&#8217;actrice de doublage, de musicienne de studio (piano, percussions et voix) et d&#8217;ing\u00e9nieure du son. Musicienne avant tout, elle a n\u00e9anmoins travaill\u00e9 en post-production chez Sound Venture Productions, \u00e0 Ottawa, (o\u00f9 elle a sign\u00e9 le montage de Toad Patrol, et chez AudioTelepoint, [&hellip;]<\/p>\n","protected":false},"author":1,"featured_media":0,"parent":0,"menu_order":0,"comment_status":"open","ping_status":"open","template":"","meta":{"footnotes":""},"class_list":["post-27","page","type-page","status-publish","hentry"],"_links":{"self":[{"href":"https:\/\/ombu.ca\/fr\/wp-json\/wp\/v2\/pages\/27","targetHints":{"allow":["GET"]}}],"collection":[{"href":"https:\/\/ombu.ca\/fr\/wp-json\/wp\/v2\/pages"}],"about":[{"href":"https:\/\/ombu.ca\/fr\/wp-json\/wp\/v2\/types\/page"}],"author":[{"embeddable":true,"href":"https:\/\/ombu.ca\/fr\/wp-json\/wp\/v2\/users\/1"}],"replies":[{"embeddable":true,"href":"https:\/\/ombu.ca\/fr\/wp-json\/wp\/v2\/comments?post=27"}],"version-history":[{"count":3,"href":"https:\/\/ombu.ca\/fr\/wp-json\/wp\/v2\/pages\/27\/revisions"}],"predecessor-version":[{"id":30,"href":"https:\/\/ombu.ca\/fr\/wp-json\/wp\/v2\/pages\/27\/revisions\/30"}],"wp:attachment":[{"href":"https:\/\/ombu.ca\/fr\/wp-json\/wp\/v2\/media?parent=27"}],"curies":[{"name":"wp","href":"https:\/\/api.w.org\/{rel}","templated":true}]}}