{"id":31,"date":"2011-10-16T20:51:30","date_gmt":"2011-10-16T20:51:30","guid":{"rendered":"http:\/\/ombu.ca\/fr\/?page_id=31"},"modified":"2016-11-27T23:44:14","modified_gmt":"2016-11-27T23:44:14","slug":"christopher","status":"publish","type":"page","link":"https:\/\/ombu.ca\/fr\/christopher\/","title":{"rendered":"Christopher Murtagh"},"content":{"rendered":"<p>\n<span class=\"floatleft\"><img loading=\"lazy\" decoding=\"async\" class=\"border\" title=\"Christopher Murtagh\" src=\"\/images\/christopher.jpg\" width=\"200\" height=\"274\" alt=\"Christopher Murtagh\"\/><br \/><span class=\"credit\">photo : Rosalind Raddatz<\/span><\/span> Depuis 6 ans, Christopher Murtagh etait webmestre et administrateur de syst\u00e8me<br \/>\nau sein du Groupe de communications Web de l&#8217;Universit\u00e9 McGill, co-concepteur du <em>McGill Gateway<\/em>, un syst\u00e8me de gestion de contenu pilot\u00e9 par bases de donn\u00e9es, et concepteur du syst\u00e8me de serveurs servant \u00e0 l&#8217;exploitation du <em>Gateway<\/em>. Avant de se joindre \u00e0 McGill, il a \u00e9t\u00e9 consultant en informatique et ing\u00e9nieur du son pigiste. Outre qu&#8217;il compte plus de dix ans de formation musicale classique et jazz, il a \u00e9galement fait des \u00e9tudes en math\u00e9matiques, informatique, enregistrement sonore et technologie musicale. Son logiciel d&#8217;enregistrement audio \u00e0 cinq voies a \u00e9t\u00e9 t\u00e9l\u00e9charg\u00e9 par plusieurs milliers d&#8217;usagers.<\/p>\n","protected":false},"excerpt":{"rendered":"<p>photo : Rosalind Raddatz Depuis 6 ans, Christopher Murtagh etait webmestre et administrateur de syst\u00e8me au sein du Groupe de communications Web de l&#8217;Universit\u00e9 McGill, co-concepteur du McGill Gateway, un syst\u00e8me de gestion de contenu pilot\u00e9 par bases de donn\u00e9es, et concepteur du syst\u00e8me de serveurs servant \u00e0 l&#8217;exploitation du Gateway. Avant de se joindre [&hellip;]<\/p>\n","protected":false},"author":1,"featured_media":0,"parent":0,"menu_order":0,"comment_status":"open","ping_status":"open","template":"","meta":{"footnotes":""},"class_list":["post-31","page","type-page","status-publish","hentry"],"_links":{"self":[{"href":"https:\/\/ombu.ca\/fr\/wp-json\/wp\/v2\/pages\/31","targetHints":{"allow":["GET"]}}],"collection":[{"href":"https:\/\/ombu.ca\/fr\/wp-json\/wp\/v2\/pages"}],"about":[{"href":"https:\/\/ombu.ca\/fr\/wp-json\/wp\/v2\/types\/page"}],"author":[{"embeddable":true,"href":"https:\/\/ombu.ca\/fr\/wp-json\/wp\/v2\/users\/1"}],"replies":[{"embeddable":true,"href":"https:\/\/ombu.ca\/fr\/wp-json\/wp\/v2\/comments?post=31"}],"version-history":[{"count":2,"href":"https:\/\/ombu.ca\/fr\/wp-json\/wp\/v2\/pages\/31\/revisions"}],"predecessor-version":[{"id":33,"href":"https:\/\/ombu.ca\/fr\/wp-json\/wp\/v2\/pages\/31\/revisions\/33"}],"wp:attachment":[{"href":"https:\/\/ombu.ca\/fr\/wp-json\/wp\/v2\/media?parent=31"}],"curies":[{"name":"wp","href":"https:\/\/api.w.org\/{rel}","templated":true}]}}