{"id":42,"date":"2011-10-16T23:09:20","date_gmt":"2011-10-16T23:09:20","guid":{"rendered":"http:\/\/ombu.ca\/fr\/?page_id=42"},"modified":"2011-11-07T01:57:45","modified_gmt":"2011-11-07T01:57:45","slug":"ombu1003","status":"publish","type":"page","link":"https:\/\/ombu.ca\/fr\/ombu1003\/","title":{"rendered":"Ensemble KORE &#8211; Br\u00e9gent CD (stereo) &#038; DVD (5.1)"},"content":{"rendered":"<p>\n<span class=\"floatleft\"><img loading=\"lazy\" decoding=\"async\" class=\"border\" title=\"Ensemble KORE - Br\u00e9gent\" src=\"\/images\/covers\/ombu_1003_medium.jpg\" width=\"250\" height=\"250\" alt=\"Ensemble KORE\" \/><\/p>\n<p><\/span><\/p>\n<table style=\"margin: 0px; padding: 0px;\" cellspacing=\"0\" cellpadding=\"4\">\n<tr>\n<td colspan=\"3\"><strong><em>Mitzvot en vue de l&#8217;omnipr\u00e9sence divine (1982)<\/em><\/strong><\/td>\n<\/tr>\n<tr>\n<td>1.<\/td>\n<td><strong>Caroncule<\/strong><\/td>\n<td align=\"right\">(2:56)<\/td>\n<\/tr>\n<tr>\n<td>2.<\/td>\n<td><strong>Scl\u00e9rotique<\/strong><\/td>\n<td align=\"right\">(3:32)<\/td>\n<\/tr>\n<tr>\n<td>3.<\/td>\n<td><strong>Iris<\/strong><\/td>\n<td align=\"right\">(1:56)<\/td>\n<\/tr>\n<tr>\n<td>4.<\/td>\n<td><strong>Pupille<\/strong><\/td>\n<td align=\"right\">(3:32)<\/td>\n<\/tr>\n<tr>\n<td>5.<\/td>\n<td><strong>Limite de la pupille<\/strong><\/td>\n<td align=\"right\">(1:56)<\/td>\n<\/tr>\n<tr>\n<td>6.<\/td>\n<td><strong>Limite de l&#8217;iris<\/strong><\/td>\n<td align=\"right\">(3:54)<\/td>\n<\/tr>\n<tr>\n<td>7.<\/td>\n<td><strong>Peau<\/strong><\/td>\n<td align=\"right\">(0:20)<\/td>\n<\/tr>\n<tr>\n<td>&nbsp;<\/td>\n<td colspan=\"2\">\n\t\t<strong>Mathieu Gaulin<\/strong>, soprano saxophone &#8211;<br \/>\n\t\t<strong>Caroline Blaqui\u00e8re<\/strong>, sopranino and alto saxophones &#8211;<br \/>\n\t\t<strong>Isabelle Choquette<\/strong>, tenor saxophone &#8211;<br \/>\n\t\t<strong>Andriy Talpash<\/strong>, baritone saxophone<\/p>\n<\/td>\n<\/tr>\n<tr>\n<td colspan=\"3\"><strong><em>Breathing &#8211; or the Daffy Excursion of Tolerance into the Cosmic Lung (1984)<\/em><\/strong><\/td>\n<\/tr>\n<tr>\n<td>8.<\/td>\n<td><strong>Breathing<\/strong><\/td>\n<td align=\"right\">(26:00)<\/td>\n<\/tr>\n<tr>\n<td>&nbsp;<\/td>\n<td colspan=\"2\">\n\t\t<strong>Douglas Schmidt<\/strong>, accordion<\/p>\n<\/td>\n<\/tr>\n<\/table>\n<p><br clear=\"left\" \/><\/p>\n<p class=\"heading\">Br\u00e9gent par lui-m\u00eame<\/p>\n<p><strong>Un contrepoids \u00e0 la complaisance<\/strong><\/p>\n<p><span class=\"floatright\"><img loading=\"lazy\" decoding=\"async\" class=\"noborder\" title=\"Ensemble KORE - Br\u00e9gent\" src=\"\/images\/bregent_score.gif\" width=\"302\" height=\"260\" alt=\"Ensemble KORE\" \/><\/span> Ce n&#8217;est pas une messe, un concert : c&#8217;est une c\u00e9l\u00e9bration de l&#8217;intelligence humain e au niveau du son. Il ne faut vraiment pas avoir peur de se pr\u00e9senter devant le miroir, se regarder et dire : \u00ab C&#8217;est \u00e7a le vingti\u00e8me si\u00e8cle \u00bb. J&#8217;ai travaill\u00e9 dans \u00e0 peu pr\u00e8s tous les milieux musicaux. Quand j&#8217;\u00e9coute la musique contemporaine , mon esprit s&#8217;ouvre. C&#8217;est int\u00e9ressant d&#8217;entendre une structure au niveau de tous les param\u00e8tres, d&#8217;entendre tous les aspects de la musique harmonis\u00e9s au niveau de la structure. Dans le fond , la musique contemporaine sert de contrepoids \u00e0 la forme de complaisance qui peut exister dans une soci\u00e9t\u00e9 . En fait, sans elle, \u00e7a serait la mort de l&#8217;esprit&#8230; l&#8217;\u00e9croulement de notre culture.\n<\/p>\n<p><strong>\u00ab Vous \u00eates un compositeur utopiste&#8230; \u00bb<\/strong><\/p>\n<p>Pas seulement le compositeur, la personne aussi! Parfois, j&#8217;ai l&#8217;impression syst\u00e9matiquement de vivre sur une autre plan\u00e8te; le monde est plus beau dans ma t\u00eate qu&#8217;il ne l&#8217;est en r\u00e9alit\u00e9. Je fais beaucoup d&#8217;erreurs dans ce sens. Je te donne un exemple. Je m&#8217;imagine que les musiciens ont 24 heures par jour pour travailler ma musique, puisque moi je prends 24 heures par jour pour l&#8217;\u00e9crire. Or, le contexte de la vie n&#8217;est malheureusement pas comme \u00e7a. \u00c0 l&#8217;\u00e9poque, on entendait au conservatoire des oeuvres invraisemblables de Xenakis, Stockhausen, Boulez&#8230; les orchestres dans tous les coins qui jouaient dans des tempi diff\u00e9rents&#8230; \u00e7a influence \u00e9norm\u00e9ment. Mais dans la r\u00e9alit\u00e9, moi qui suis utopiste de nature en plus, ce n&#8217;est vraiment pas comme \u00e7a que \u00e7a se passe. Mais pour moi l&#8217;utopie est essentielle. S&#8217;il n&#8217;y a pas d&#8217;utopistes sur la terre, c&#8217;est peine perdue. Il faut risquer. Il faut quand m\u00eame essayer de pousser de l&#8217;avant. Moi-m\u00eame je le fais, encore aujourd&#8217;hui. Je ne m&#8217;arr\u00eaterai pas dans un passage qui exige une certaine complexit\u00e9 parce qu&#8217;il ne faut pas le faire, parce que tu te fais taper sur les doigts, parce que les musiciens n&#8217;ont pas le temps de le faire. Non, je regrette infiniment. S&#8217;il le faut, je vais le faire et \u00e7a, c&#8217;est vraiment de l&#8217;utopie.\n<\/p>\n<p><span class=\"floatleft\"><img loading=\"lazy\" decoding=\"async\" class=\"noborder\" title=\"Ensemble KORE - Br\u00e9gent\" src=\"\/images\/bregent_score_2.gif\" width=\"252\" height=\"260\" alt=\"Ensemble KORE\" \/><\/span><strong>Le Trad-Sens Concertio (1987)<\/strong><\/p>\n<p>\nUn autre exemple de mon utopisme : l&#8217;OSM me demande un concerto de piano. Ils demandent \u00e0 Michel-Georges Br\u00e9gent un concerto de piano : \u00ab l\u00e0 tu vas \u00eatre sage Michel-Georges, tu vas faire un beau petit concerto de piano qui va ouvrir le programme &#8211; 18 minutes \u00bb. \u00c9videmment, \u00e7a m&#8217;est pass\u00e9 par une oreille et \u00e7a m&#8217;est sorti par l&#8217;autre. J&#8217;avais en t\u00eate d&#8217;\u00e9crire le concerto de piano du si\u00e8cle! Alors je me suis mis \u00e0 analyser les 33 meilleurs et puis je les ai superpos\u00e9s; j&#8217;ai superpos\u00e9 tout l&#8217;ordre de l&#8217;harmonie, tous les motifs musicaux, tous les ordres de tempi, j&#8217;en ai fait l&#8217;analyse, j&#8217;ai compil\u00e9 toute mon information. Finalement, j&#8217;ai fait sortir ce magnifique programme de l&#8217;ordinateur. J&#8217;ai vu que ce qui se passait \u00e9tait ph\u00e9nom\u00e9nal. Juste au niveau des tempi, au niveau de l&#8217;harmonie, \u00e7a me donnait tout un monde \u00e0 d\u00e9couvrir. Je me suis dit : \u00ab \u00e7a va passer vite en 18 minutes! \u00bb.\n<\/p>\n<p><br clear=\"all\" \/><br \/><\/p>\n","protected":false},"excerpt":{"rendered":"<p>Mitzvot en vue de l&#8217;omnipr\u00e9sence divine (1982) 1. Caroncule (2:56) 2. Scl\u00e9rotique (3:32) 3. Iris (1:56) 4. Pupille (3:32) 5. Limite de la pupille (1:56) 6. Limite de l&#8217;iris (3:54) 7. Peau (0:20) &nbsp; Mathieu Gaulin, soprano saxophone &#8211; Caroline Blaqui\u00e8re, sopranino and alto saxophones &#8211; Isabelle Choquette, tenor saxophone &#8211; Andriy Talpash, baritone saxophone [&hellip;]<\/p>\n","protected":false},"author":1,"featured_media":0,"parent":0,"menu_order":0,"comment_status":"open","ping_status":"open","template":"","meta":{"footnotes":""},"class_list":["post-42","page","type-page","status-publish","hentry"],"_links":{"self":[{"href":"https:\/\/ombu.ca\/fr\/wp-json\/wp\/v2\/pages\/42","targetHints":{"allow":["GET"]}}],"collection":[{"href":"https:\/\/ombu.ca\/fr\/wp-json\/wp\/v2\/pages"}],"about":[{"href":"https:\/\/ombu.ca\/fr\/wp-json\/wp\/v2\/types\/page"}],"author":[{"embeddable":true,"href":"https:\/\/ombu.ca\/fr\/wp-json\/wp\/v2\/users\/1"}],"replies":[{"embeddable":true,"href":"https:\/\/ombu.ca\/fr\/wp-json\/wp\/v2\/comments?post=42"}],"version-history":[{"count":2,"href":"https:\/\/ombu.ca\/fr\/wp-json\/wp\/v2\/pages\/42\/revisions"}],"predecessor-version":[{"id":159,"href":"https:\/\/ombu.ca\/fr\/wp-json\/wp\/v2\/pages\/42\/revisions\/159"}],"wp:attachment":[{"href":"https:\/\/ombu.ca\/fr\/wp-json\/wp\/v2\/media?parent=42"}],"curies":[{"name":"wp","href":"https:\/\/api.w.org\/{rel}","templated":true}]}}