{"id":44,"date":"2011-10-16T23:11:31","date_gmt":"2011-10-16T23:11:31","guid":{"rendered":"http:\/\/ombu.ca\/fr\/?page_id=44"},"modified":"2011-11-07T01:54:44","modified_gmt":"2011-11-07T01:54:44","slug":"ombu1007","status":"publish","type":"page","link":"https:\/\/ombu.ca\/fr\/ombu1007\/","title":{"rendered":"Follow Follow &#8211; Afro-Groove"},"content":{"rendered":"<p>\n<span class=\"floatleft\"><img loading=\"lazy\" decoding=\"async\" class=\"border\" title=\"\" src=\"\/images\/covers\/ombu_1007_medium.jpg\" width=\"250\" height=\"250\" alt=\"Minna Re Shin\"\/><br \/><\/span><\/p>\n<table border=\"0\" cellpadding=\"4\" cellspacing=\"0\">\n<tr>\n<td style=\"padding-left:20px;\"><strong>1.<\/strong><\/td>\n<td style=\"padding-left:20px;\">Opposite People (<em>Fela Kuti<\/em>)<\/td>\n<td style=\"padding-left:20px;\" align=\"right\">7:27<\/td>\n<\/tr>\n<tr>\n<td style=\"padding-left:20px;\"><strong>2.<\/strong><\/td>\n<td style=\"padding-left:20px;\">Eko Ile (<em>Fela Kuti<\/em>)<\/td>\n<td style=\"padding-left:20px;\" align=\"right\">5:41<\/td>\n<\/tr>\n<tr>\n<td style=\"padding-left:20px;\"><strong>3.<\/strong><\/td>\n<td style=\"padding-left:20px;\">Mr. Follow Follow (<em>Fela Kuti<\/em>)<\/td>\n<td style=\"padding-left:20px;\" align=\"right\">5:46<\/td>\n<\/tr>\n<tr>\n<td style=\"padding-left:20px;\"><strong>4.<\/strong><\/td>\n<td style=\"padding-left:20px;\">Akom 7 (<em>Rainer Wiens<\/em>)<\/td>\n<td style=\"padding-left:20px;\" align=\"right\">6:20<\/td>\n<\/tr>\n<tr>\n<td style=\"padding-left:20px;\"><strong>5.<\/strong><\/td>\n<td style=\"padding-left:20px;\">Mag Poo (<em>Maceo Parker and the king&#8217;s men<\/em>)<\/td>\n<td style=\"padding-left:20px;\" align=\"right\">6:31<\/td>\n<\/tr>\n<tr>\n<td style=\"padding-left:20px;\"><strong>6.<\/strong><\/td>\n<td style=\"padding-left:20px;\">No Agreement (<em>Fela Kuti<\/em>)<\/td>\n<td style=\"padding-left:20px;\" align=\"right\">8:20<\/td>\n<\/tr>\n<tr>\n<td style=\"padding-left:20px;\"><strong>7.<\/strong><\/td>\n<td style=\"padding-left:20px;\">Forks of the Wa (<em>Rainer Wiens<\/em>)<\/td>\n<td style=\"padding-left:20px;\" align=\"right\">5:10<\/td>\n<\/tr>\n<tr>\n<td style=\"padding-left:20px;\"><strong>8.<\/strong><\/td>\n<td style=\"padding-left:20px;\">Alu Jon Jonki Jon (<em>Fela Kuti<\/em>)<\/td>\n<td style=\"padding-left:20px;\" align=\"right\">8:30<\/td>\n<\/tr>\n<tr>\n<td style=\"padding-left:20px;\"><strong>9.<\/strong><\/td>\n<td style=\"padding-left:20px;\">Zombie (<em>Fela Kuti<\/em>)<\/td>\n<td style=\"padding-left:20px;\" align=\"right\">7:45<\/td>\n<\/tr>\n<\/table>\n<p><br clear=\"left\" \/><br \/>\n<img loading=\"lazy\" decoding=\"async\" class=\"floatright border\" title=\"\" src=\"\/images\/follow_follow_members_small.jpg\" width=\"350\" height=\"235\" alt=\"Follow Follow members\"\/><\/p>\n<p>\n<strong>Follow Follow &#8211; <em>Afro Groove<\/em><\/strong><br\/ ><br \/>\nEnregistr\u00e9 en-direct les 3 et 4 novembre 2004<\/p>\n<p>\nSi vous aviez \u00e0 fusionner les musiques de John Coltrane et de Fela Kuti, vous obtiendriez probablement quelque chose qui ressemble \u00e0 Follow Follow : des rythmes afro-groove soutenus, entrem\u00eal\u00e9s de guitares et de saxophones exalt\u00e9s.\n<\/p>\n<p>\nFond\u00e9 en 2000 par le compositeur et guitariste Rainer Wiens, dans le seul but de faire danser les gens, le groupe r\u00e9unit une l\u00e9gende vivante de la musique actuelle, Jean Derome, et un v\u00e9t\u00e9ran du jazz, Frank Lozano aux saxs. Le ma\u00eetre des percussions et gagnant d&#8217;un prix Opus, Thom Gossage, le bassiste Tommy Babin et les guitaristes Cordell Henebury et Rainer Wiens compl\u00e8tent le groupe.\n<\/p>\n<p>\nLa musique est enjou\u00e9e, le rythme contagieux et la complicit\u00e9 des musiciens est manifeste. Follow Follow interpr\u00e8te des musiques de Fela Kuti, Maceo Parker, Tony Allen, The Super Rail Band et d&#8217;autres ma\u00eetres de l&#8217;African urban dance music.<br \/>\nSoyez pr\u00eats \u00e0 bouger !\n<\/p>\n<p><br clear=\"all\" \/><br \/>\n<\/p>\n<div style=\"min-height: 200px;\">\n&nbsp;<br \/>\n\n<\/div>\n","protected":false},"excerpt":{"rendered":"<p>1. Opposite People (Fela Kuti) 7:27 2. Eko Ile (Fela Kuti) 5:41 3. Mr. Follow Follow (Fela Kuti) 5:46 4. Akom 7 (Rainer Wiens) 6:20 5. Mag Poo (Maceo Parker and the king&#8217;s men) 6:31 6. No Agreement (Fela Kuti) 8:20 7. Forks of the Wa (Rainer Wiens) 5:10 8. Alu Jon Jonki Jon (Fela [&hellip;]<\/p>\n","protected":false},"author":1,"featured_media":0,"parent":0,"menu_order":0,"comment_status":"open","ping_status":"open","template":"","meta":{"footnotes":""},"class_list":["post-44","page","type-page","status-publish","hentry"],"_links":{"self":[{"href":"https:\/\/ombu.ca\/fr\/wp-json\/wp\/v2\/pages\/44","targetHints":{"allow":["GET"]}}],"collection":[{"href":"https:\/\/ombu.ca\/fr\/wp-json\/wp\/v2\/pages"}],"about":[{"href":"https:\/\/ombu.ca\/fr\/wp-json\/wp\/v2\/types\/page"}],"author":[{"embeddable":true,"href":"https:\/\/ombu.ca\/fr\/wp-json\/wp\/v2\/users\/1"}],"replies":[{"embeddable":true,"href":"https:\/\/ombu.ca\/fr\/wp-json\/wp\/v2\/comments?post=44"}],"version-history":[{"count":5,"href":"https:\/\/ombu.ca\/fr\/wp-json\/wp\/v2\/pages\/44\/revisions"}],"predecessor-version":[{"id":158,"href":"https:\/\/ombu.ca\/fr\/wp-json\/wp\/v2\/pages\/44\/revisions\/158"}],"wp:attachment":[{"href":"https:\/\/ombu.ca\/fr\/wp-json\/wp\/v2\/media?parent=44"}],"curies":[{"name":"wp","href":"https:\/\/api.w.org\/{rel}","templated":true}]}}