{"id":48,"date":"2011-10-16T23:15:16","date_gmt":"2011-10-16T23:15:16","guid":{"rendered":"http:\/\/ombu.ca\/fr\/?page_id=48"},"modified":"2011-11-07T01:37:00","modified_gmt":"2011-11-07T01:37:00","slug":"ombu1013","status":"publish","type":"page","link":"https:\/\/ombu.ca\/fr\/ombu1013\/","title":{"rendered":"Karen Potje &#8211;  Can&#8217;t Help but Love You, Baby"},"content":{"rendered":"<p><span class=\"floatleft\" style=\"margin-right: 20px;\"><img loading=\"lazy\" decoding=\"async\" class=\"border\" title=\"Karen Potje - Can't Help But Love You, Baby\" src=\"\/images\/covers\/ombu_1013_medium.jpg\" width=\"250\" height=\"250\" alt=\"Karen Potje\"\/><br \/><\/span><\/p>\n<ol class=\"tracklist floatleft\">\n<li class=\"tracklistitem\"><span style=\"font-weight: normal;\">Bunnies on my PJs<\/span><\/li>\n<li class=\"tracklistitem\"><span style=\"font-weight: normal;\">Let&#8217;s Give the Baby a Bath<\/span><\/li>\n<li class=\"tracklistitem\"><span style=\"font-weight: normal;\">Cuddlepup<\/span><\/li>\n<li class=\"tracklistitem\"><span style=\"font-weight: normal;\">Look Before You Eat<\/span><\/li>\n<li class=\"tracklistitem\"><span style=\"font-weight: normal;\">Ten Feet Tall<\/span><\/li>\n<li class=\"tracklistitem\"><span style=\"font-weight: normal;\">Better Keep Your Shoes On<\/span><\/li>\n<li class=\"tracklistitem\"><span style=\"font-weight: normal;\">Hug-a-bug Pug<\/span><\/li>\n<li class=\"tracklistitem\"><span style=\"font-weight: normal;\">No Frills<\/span><\/li>\n<li class=\"tracklistitem\"><span style=\"font-weight: normal;\">Garbage Day<\/span><\/li>\n<li class=\"tracklistitem\"><span style=\"font-weight: normal;\">Lullaby For You<\/span><\/li>\n<li class=\"tracklistitem\"><span style=\"font-weight: normal;\">Baby&#8217;s in a Slump<\/span><\/li>\n<li class=\"tracklistitem\"><span style=\"font-weight: normal;\">Short<\/span><\/li>\n<li class=\"tracklistitem\"><span style=\"font-weight: normal;\">A Song About Ferrets<\/span><\/li>\n<li class=\"tracklistitem\"><span style=\"font-weight: normal;\">Can&#8217;t Help But Love You, Baby<\/span><\/li>\n<\/ol>\n<p><br clear=\"left\" \/><\/p>\n<p>\n<span class=\"floatright\"><img loading=\"lazy\" decoding=\"async\" class=\"border\" title=\"Karen et Pug\" src=\"\/images\/karen_and_pug.jpg\" width=\"200\" height=\"300\" alt=\"Karen et Pug\" \/><br \/><span class=\"credit\">photo : Scott McLeod<\/span><\/span> <a href=\"\/fr\/karenpotje\/\"><strong>Karen Potje<\/strong><\/a> nous offre un d\u00e9licieux bouquet de 14 chansons o\u00f9 il est question de parents aux yeux rouges de fatigue, de b\u00e9b\u00e9s grognons, d&#8217;animaux de compagnie capricieux, de grands fr\u00e8res et de grandes soeurs qui savent tout et de tous ceux \u00e0 qui tout cela semble affectueusement familier. <strong><em>Can&#8217;t Help But Love You, Baby<\/em><\/strong> est un disque pour adulte que les enfants vont adorer et un disque pour enfants que les adultes aimeront encore, m\u00eame apr\u00e8s l&#8217;avoir entendu quarante fois de suite!\n<\/p>\n<p>\nLa voix chaude et vive de <a href=\"\/fr\/karenpotje\/\"><strong>Karen Potje<\/strong><\/a> et les textes bien sentis sont mis en valeur par un ensemble form\u00e9 des meilleurs musiciens de Montr\u00e9al : <strong>Jordan Officer<\/strong> (guitare), <strong>Joshua Lebofsky<\/strong> (piano\/B3), <strong>Philip Hornsey<\/strong> (batterie), <strong>Rob Fahie<\/strong> (basse) et <strong>Alex Kehler<\/strong> (violon). M\u00e9lange de jazz subtil, de country suave et d&#8217;une touche ludique de rock et de cha-cha, <strong><em>Can&#8217;t Help But Love You, Baby<\/em> <\/strong> est un plaisir garanti pour tous.\n<\/p>\n<p>\nVous chanterez avec entrain <em>Bunnies on my PJs<\/em> (critique acerbe des pyjamas une pi\u00e8ce par un b\u00e9b\u00e9), craquerez pour <em>Lullaby for You<\/em> (plaidoyer attendrissant d&#8217;un parent aimant \u00e0 son enfant qui refuse de dormir), grognerez de plaisir et nasillerez  sur Hugabug Pug et ne pourrez pas plus vous passer de Garbage Day que les musiciens, qui se la jouent au moins une fois par semaine&#8230; <a href=\"\/fr\/karenpotje\/\"><strong>Karen Potje<\/strong><\/a>, brillante compositrice-interpr\u00e8te et \u00e9toile montante de la sc\u00e8ne musicale actuelle, vous invite \u00e0 d\u00e9couvrir <strong><em>Can&#8217;t Help But Love You, Baby<\/em><\/strong>, son premier disque.\n<\/p>\n<p><br clear=\"all\" \/><br \/><\/p>\n","protected":false},"excerpt":{"rendered":"<p>Bunnies on my PJs Let&#8217;s Give the Baby a Bath Cuddlepup Look Before You Eat Ten Feet Tall Better Keep Your Shoes On Hug-a-bug Pug No Frills Garbage Day Lullaby For You Baby&#8217;s in a Slump Short A Song About Ferrets Can&#8217;t Help But Love You, Baby photo : Scott McLeod Karen Potje nous offre [&hellip;]<\/p>\n","protected":false},"author":1,"featured_media":0,"parent":0,"menu_order":0,"comment_status":"open","ping_status":"open","template":"","meta":{"footnotes":""},"class_list":["post-48","page","type-page","status-publish","hentry"],"_links":{"self":[{"href":"https:\/\/ombu.ca\/fr\/wp-json\/wp\/v2\/pages\/48","targetHints":{"allow":["GET"]}}],"collection":[{"href":"https:\/\/ombu.ca\/fr\/wp-json\/wp\/v2\/pages"}],"about":[{"href":"https:\/\/ombu.ca\/fr\/wp-json\/wp\/v2\/types\/page"}],"author":[{"embeddable":true,"href":"https:\/\/ombu.ca\/fr\/wp-json\/wp\/v2\/users\/1"}],"replies":[{"embeddable":true,"href":"https:\/\/ombu.ca\/fr\/wp-json\/wp\/v2\/comments?post=48"}],"version-history":[{"count":4,"href":"https:\/\/ombu.ca\/fr\/wp-json\/wp\/v2\/pages\/48\/revisions"}],"predecessor-version":[{"id":152,"href":"https:\/\/ombu.ca\/fr\/wp-json\/wp\/v2\/pages\/48\/revisions\/152"}],"wp:attachment":[{"href":"https:\/\/ombu.ca\/fr\/wp-json\/wp\/v2\/media?parent=48"}],"curies":[{"name":"wp","href":"https:\/\/api.w.org\/{rel}","templated":true}]}}