{"id":5,"date":"2011-10-16T20:10:51","date_gmt":"2011-10-16T20:10:51","guid":{"rendered":"http:\/\/ombu.ca\/fr\/?page_id=5"},"modified":"2016-11-27T23:39:02","modified_gmt":"2016-11-27T23:39:02","slug":"production-musicale","status":"publish","type":"page","link":"https:\/\/ombu.ca\/fr\/production-musicale\/","title":{"rendered":"production musicale"},"content":{"rendered":"<p>Rejetant le statu quo en mati\u00e8re de r\u00e9alisation d&#8217;enregistrements sonores, omb\u00fa s&#8217;est donn\u00e9 pour mission de nouer des partenariats cr\u00e9atifs avec des artistes et des musiciens \u00e0 qui nous proposons une relation d&#8217;affaire enrichissante et durable. Nous mettons \u00e0 la disposition de nos clients et partenaires un \u00e9ventail exceptionnel de comp\u00e9tences et d&#8217;expertise technique afin de les aider \u00e0 atteindre leurs buts.\n<\/p>\n<p>Notre formation de musicien nous permet d&#8217;aborder le travail de l&#8217;ing\u00e9nieur du son dans une optique unique. Pleinement conscients de ce que la r\u00e9alisation d&#8217;un enregistrement exige du musicien et du r\u00e9alisateur, nous avons l&#8217;avantage de pouvoir communiquer de plain-pied avec nos artistes.\n<\/p>\n<p><br clear=\"all\" \/><br \/>\n<\/p>\n<div style=\"clear: both; text-align: center; padding: 0px; margin: 0px;\" class=\"fineprint\"><\/p>\n<div align=\"center\">\n<a href=\"\/1015\/\"><img loading=\"lazy\" decoding=\"async\" class=\"splashthumb border\" title=\"\" src=\"\/images\/covers\/ombu_1015_small.jpg\" alt=\"ombu 1015\" height=\"175\" width=\"175\"><\/a><a href=\"\/1014\/\"><img loading=\"lazy\" decoding=\"async\" class=\"splashthumb border\" title=\"\" src=\"\/images\/covers\/ombu_1014_small.jpg\" alt=\"ombu 1014\" height=\"175\" width=\"175\"><\/a><a href=\"\/1013\/\"><img loading=\"lazy\" decoding=\"async\" class=\"splashthumb border\" title=\"\" src=\"\/images\/covers\/ombu_1013_small.jpg\" alt=\"ombu 1013\" height=\"175\" width=\"175\"><\/a>\n<\/div>\n<p><\/p>\n<div align=\"center\" style=\"margin-left: auto; margin-right: auto;\">\n<a href=\"\/1012\/\"><img loading=\"lazy\" decoding=\"async\" class=\"splashthumb border\" title=\"\" src=\"\/images\/covers\/ombu_1012_thumb.jpg\" alt=\"ombu 1012\" height=\"100\" width=\"100\"><\/a><a href=\"\/1011\/\"><img loading=\"lazy\" decoding=\"async\" class=\"splashthumb border\" title=\"\" src=\"\/images\/covers\/ombu_1011_thumb.jpg\" alt=\"ombu 1011\" height=\"100\" width=\"100\"><\/a><a href=\"\/1009\/\"><img loading=\"lazy\" decoding=\"async\" class=\"splashthumb border\" title=\"\" src=\"\/images\/covers\/ombu_1009_thumb.jpg\" alt=\"ombu 1009\" height=\"100\" width=\"100\"><\/a><a href=\"\/1008\/\"><img loading=\"lazy\" decoding=\"async\" class=\"splashthumb border\" title=\"\" src=\"\/images\/covers\/ombu_1008_thumb.jpg\" alt=\"ombu 1008\" height=\"100\" width=\"100\"><\/a><a href=\"\/1007\/\"><img loading=\"lazy\" decoding=\"async\" class=\"splashthumb border\" title=\"\" src=\"\/images\/covers\/ombu_1007_thumb.jpg\" alt=\"ombu 1007\" height=\"100\" width=\"100\"><\/a>\n<\/div>\n<p><\/p>\n<div align=\"center\">\n<a href=\"\/1006\/\"><img loading=\"lazy\" decoding=\"async\" class=\"splashthumb border\" title=\"\" src=\"\/images\/covers\/ombu_1006_thumb.jpg\" alt=\"ombu 1006\" height=\"100\" width=\"100\"><\/a><a href=\"\/1004\/\"><img loading=\"lazy\" decoding=\"async\" class=\"splashthumb border\" title=\"\" src=\"\/images\/covers\/ombu_1004_thumb.jpg\" alt=\"ombu 1004\" height=\"100\" width=\"100\"><\/a><a href=\"\/1003\/\"><img loading=\"lazy\" decoding=\"async\" class=\"splashthumb border\" title=\"\" src=\"\/images\/covers\/ombu_1003_thumb.jpg\" alt=\"ombu 1003\" height=\"100\" width=\"100\"><\/a><a href=\"\/1002\/\"><img loading=\"lazy\" decoding=\"async\" class=\"splashthumb border\" title=\"\" src=\"\/images\/covers\/ombu_1002_thumb.jpg\" alt=\"ombu 1002\" height=\"100\" width=\"100\"><\/a><a href=\"\/1001\/\"><img loading=\"lazy\" decoding=\"async\" class=\"splashthumb border\" title=\"\" src=\"\/images\/covers\/ombu_1001_thumb.jpg\" alt=\"ombu 1001\" height=\"100\" width=\"100\"><\/a>\n<\/div>\n<p>\n<\/div>\n<div style=\"clear: both; text-align: center; padding: 0px; margin: 0px;\" class=\"fineprint\">\n\n<\/div>\n","protected":false},"excerpt":{"rendered":"<p>Rejetant le statu quo en mati\u00e8re de r\u00e9alisation d&#8217;enregistrements sonores, omb\u00fa s&#8217;est donn\u00e9 pour mission de nouer des partenariats cr\u00e9atifs avec des artistes et des musiciens \u00e0 qui nous proposons une relation d&#8217;affaire enrichissante et durable. Nous mettons \u00e0 la disposition de nos clients et partenaires un \u00e9ventail exceptionnel de comp\u00e9tences et d&#8217;expertise technique afin [&hellip;]<\/p>\n","protected":false},"author":1,"featured_media":0,"parent":0,"menu_order":0,"comment_status":"open","ping_status":"open","template":"","meta":{"footnotes":""},"class_list":["post-5","page","type-page","status-publish","hentry"],"_links":{"self":[{"href":"https:\/\/ombu.ca\/fr\/wp-json\/wp\/v2\/pages\/5","targetHints":{"allow":["GET"]}}],"collection":[{"href":"https:\/\/ombu.ca\/fr\/wp-json\/wp\/v2\/pages"}],"about":[{"href":"https:\/\/ombu.ca\/fr\/wp-json\/wp\/v2\/types\/page"}],"author":[{"embeddable":true,"href":"https:\/\/ombu.ca\/fr\/wp-json\/wp\/v2\/users\/1"}],"replies":[{"embeddable":true,"href":"https:\/\/ombu.ca\/fr\/wp-json\/wp\/v2\/comments?post=5"}],"version-history":[{"count":8,"href":"https:\/\/ombu.ca\/fr\/wp-json\/wp\/v2\/pages\/5\/revisions"}],"predecessor-version":[{"id":184,"href":"https:\/\/ombu.ca\/fr\/wp-json\/wp\/v2\/pages\/5\/revisions\/184"}],"wp:attachment":[{"href":"https:\/\/ombu.ca\/fr\/wp-json\/wp\/v2\/media?parent=5"}],"curies":[{"name":"wp","href":"https:\/\/api.w.org\/{rel}","templated":true}]}}