{"id":59,"date":"2011-10-16T23:36:00","date_gmt":"2011-10-16T23:36:00","guid":{"rendered":"http:\/\/ombu.ca\/fr\/?page_id=59"},"modified":"2011-11-07T02:02:07","modified_gmt":"2011-11-07T02:02:07","slug":"ombu1002","status":"publish","type":"page","link":"https:\/\/ombu.ca\/fr\/ombu1002\/","title":{"rendered":"Minna Re Shin &#8211;  Sonates pour piano Franz Joseph Haydn"},"content":{"rendered":"<p>\n<span class=\"floatleft\"><img loading=\"lazy\" decoding=\"async\" class=\"border\" title=\"\" src=\"\/images\/covers\/ombu_1002_medium.jpg\" width=\"250\" height=\"250\" alt=\"Minna Re Shin\"\/><br \/><\/span><\/p>\n<table border=\"0\" cellpadding=\"0\" cellspacing=\"0\">\n<tr>\n<td class=\"subheading\">Sonate No 47 en si mineur, Hob. XVI: 32<\/td>\n<td><\/td>\n<\/tr>\n<tr>\n<td style=\"margin-left:20px;\">Allegro moderato<\/td>\n<td align=\"right\">8:52<\/td>\n<\/tr>\n<tr>\n<td style=\"margin-left:20px;\">Menuet<\/td>\n<td align=\"right\">13:42<\/td>\n<\/tr>\n<tr>\n<td style=\"margin-left:20px;\">Finale: Presto<\/td>\n<td align=\"right\">6:43<\/td>\n<\/tr>\n<\/table>\n<table border=\"0\" cellpadding=\"0\" cellspacing=\"0\">\n<tr>\n<td class=\"subheading\">Sonata No 30 en r\u00e9 majeur, Hob. XVI:  19<\/td>\n<td><\/td>\n<\/tr>\n<tr>\n<td style=\"margin-left:20px;\">Moderato<\/td>\n<td align=\"right\">18:17<\/td>\n<\/tr>\n<tr>\n<td style=\"margin-left:20px;\">Andante<\/td>\n<td align=\"right\">19:40<\/td>\n<\/tr>\n<tr>\n<td style=\"margin-left:20px;\">Finale: Allegro assai<\/td>\n<td align=\"right\">4:37<\/td>\n<\/tr>\n<\/table>\n<p><br clear=\"left\" \/><\/p>\n<p>Ces deux sonates ont \u00e9t\u00e9 compos\u00e9es \u00e0 la cour des princes Eszterh\u00e1zy, soit en 1776 et 1767, respectivement. Elles repr\u00e9sentent deux \u00ab&nbsp;p\u00e9riodes&nbsp;\u00bb de l&#8217;\u00e9volution de Haydn et diff\u00e8rent par leur caract\u00e8re, leur forme et leur style. Elles r\u00e9v\u00e8lent cependant le caract\u00e8re imaginatif et perfectionn\u00e9 de l&#8217;\u00e9criture de Haydn. Chacune est l&#8217;occasion de d\u00e9couvrir un joyau. Ces sonates d&#8217;expression pure et classique attestent un art raffin\u00e9 et vigoureux, et des dons d&#8217;expression exquis.<\/p>\n<p><span class=\"floatright\"><img loading=\"lazy\" decoding=\"async\" class=\"border\" title=\"\" src=\"\/images\/1002_1.jpg\" width=\"200\" height=\"307\" alt=\"Minna\"\/><br \/><span class=\"credit\">photo: Yves Lacombe<\/span><\/span><strong>Sonate No 47 en si mineur, Hob. XVI: 32<\/strong><br \/> Cette sonate r\u00e9v\u00e8le la maturit\u00e9 et le raffinement du style de Haydn, ainsi que la brillance et la vigueur de son idiome pianistique. Par la\tpr\u00e9\u00e9minence de la tonalit\u00e9 mineure, par sa texture contrapuntique et par ses harmonies\tet ses inflexions chromatiques, elle refl\u00e8te l&#8217;atmosph\u00e8re du <em>Sturm und Drang<\/em>. Pourtant, malgr\u00e9 ses tendances romantiques, elle m\u00e9nage un \u00e9quilibre d\u00e9licat entre le \u00ab&nbsp;travail de l&#8217;esprit&nbsp;\u00bb et le \u00ab&nbsp;travail du coeur&nbsp;\u00bb.\n<\/p>\n<p><strong>Sonate No 30 en r\u00e9 majeur, Hob. XVI: 19<\/strong><br \/> eaucoup de contemporains ont reproch\u00e9 \u00e0 Haydn d&#8217;avoir \u00ab&nbsp;parodi\u00e9&nbsp;\u00bb C. P. E. Bach dans cette sonate, ant\u00e9rieure \u00e0 la pr\u00e9c\u00e9dente. M\u00eame si l&#8217;on peut \u00e9tablir, entre le style du ma\u00eetre et celui de Haydn, un parall\u00e8le qu&#8217;attestent l&#8217;usage fr\u00e9quent de larges \u00e9carts, la transparence de l&#8217;\u00e9criture \u00e0 deux voix et les effets combin\u00e9s de l&#8217;extr\u00eame grave et de l&#8217;aigu, on ne saurait parler de copie rigoureuse. L&#8217;esprit du ma\u00eetre est certes respect\u00e9, mais Haydn a d\u00e9j\u00e0 amorc\u00e9 sa qu\u00eate personnelle.\n<\/p>\n<p><strong>L&#8217;interpretation de Minna Re Shin<\/strong><br \/> Minna Re Shin propose une conception nouvelle des deux sonates pour piano de Franz Joseph Haydn r\u00e9unies sur ce disque. Son interpr\u00e9tation originale s&#8217;inspire de la vie de Haydn, surtout durant la p\u00e9riode o\u00f9 le compositeur \u00e9tait Kapellmeister \u00e0 la cour des princes Eszterh\u00e1zy.  Elle aborde la musique de Haydn d&#8217;un point de vue f\u00e9minin et cherche \u00e0 en exprimer la sensualit\u00e9 sous-jacente. Consciente de l&#8217;influence que les femmes qui ont inspir\u00e9 le compositeur et pour lesquelles il a \u00e9crit cette musique ont exerc\u00e9e sur son g\u00e9nie cr\u00e9ateur, Minna Re Shin s&#8217;est attach\u00e9e \u00e0 faire ressortir la simplicit\u00e9 et l&#8217;essence du style de Haydn.\n<\/p>\n<p><span class=\"floatleft\"><img loading=\"lazy\" decoding=\"async\" class=\"border\" title=\"\" src=\"\/images\/1002_3.jpg\" width=\"200\" height=\"307\" alt=\"Minna\"\/><br \/><span class=\"credit\">photo: Yves Lacombe<\/span><\/span><\/p>\n<p class=\"heading\">Critiques<\/p>\n<p>\u00ab&nbsp;Une sorte de racisme musical laisse entendre parfois que tous les interpr\u00e8tes asiatiques sont de petites m\u00e9caniques parfaits et sans \u00e2me.  Foutaise!  \u00c0 preuve, ce beau disque de la Canadienne Minna Re Shin (&#8230;) tout entier consacr\u00e9 \u00e0 des sonates de Haydn.  C&#8217;est un jeu aussi fin que de la dentelle.  Les notes y sont, mais avec ce supplement d&#8217;\u00e9motion qui fait la difference.&nbsp;\u00bb &#8211; <strong><em>Ici Montr\u00e9al<\/em><\/strong>\n<\/p>\n<p>\n\u00ab&nbsp;Les pianistes Alfred Brendel et Andr\u00e4s Schiff se sont pr\u00eat\u00e9s au jeu avec un \u00e9gal bonheur, surtout pour nous, et c&#8217;est maintenant au tour de la jeune Montr\u00e9alaise Minna Re Shin. Ces sonates \u00ab&nbsp;r\u00e9v\u00e8lent le caract\u00e8re imaginatif de l&#8217;\u00e9criture de Haydn&nbsp;\u00bb. Nous lui faisons enti\u00e8rement confiance, puisque cette jeune dame aime son sujet et que c&#8217;est avec beaucoup de sensibilit\u00e9 et d&#8217;intelligence qu&#8217;elle fait son entr\u00e9e dans la cour des interpr\u00e8tes.&nbsp;\u00bb &#8211; <strong><em>Le Journal de Montr\u00e9al<\/em><\/strong>\n<\/p>\n<p>\n\u00ab&nbsp;La sonorit\u00e9 est exquise et [Minna Re Shin] fait preuve d&#8217;un sens de l&#8217;\u00e9quilibre tonal, de l&#8217;articulation et de la pr\u00e9cision contrapuntique irr\u00e9prochable qui fait de cet enregistrement un v\u00e9ritable tr\u00e9sor.&nbsp;\u00bb &#8211; <strong><em>Andrew MacDonald, compositeur<\/em><\/strong>\n<\/p>\n<p>\n\u00ab&nbsp;Par la force intellectuelle et le caract\u00e8re transformateur de son interpr\u00e9tation, Minna Re Shin a accompli pour Haydn ce que son compatriote Glen Gould avait fait pour Bach, il y a 49 ans.&nbsp;\u00bb &#8211; <strong><em>Jim Tuller, m\u00e9lomane<\/em><\/strong>\n<\/p>\n<p><br clear=\"all\" \/><br \/><\/p>\n","protected":false},"excerpt":{"rendered":"<p>Sonate No 47 en si mineur, Hob. XVI: 32 Allegro moderato 8:52 Menuet 13:42 Finale: Presto 6:43 Sonata No 30 en r\u00e9 majeur, Hob. XVI: 19 Moderato 18:17 Andante 19:40 Finale: Allegro assai 4:37 Ces deux sonates ont \u00e9t\u00e9 compos\u00e9es \u00e0 la cour des princes Eszterh\u00e1zy, soit en 1776 et 1767, respectivement. Elles repr\u00e9sentent deux [&hellip;]<\/p>\n","protected":false},"author":1,"featured_media":0,"parent":0,"menu_order":0,"comment_status":"open","ping_status":"open","template":"","meta":{"footnotes":""},"class_list":["post-59","page","type-page","status-publish","hentry"],"_links":{"self":[{"href":"https:\/\/ombu.ca\/fr\/wp-json\/wp\/v2\/pages\/59","targetHints":{"allow":["GET"]}}],"collection":[{"href":"https:\/\/ombu.ca\/fr\/wp-json\/wp\/v2\/pages"}],"about":[{"href":"https:\/\/ombu.ca\/fr\/wp-json\/wp\/v2\/types\/page"}],"author":[{"embeddable":true,"href":"https:\/\/ombu.ca\/fr\/wp-json\/wp\/v2\/users\/1"}],"replies":[{"embeddable":true,"href":"https:\/\/ombu.ca\/fr\/wp-json\/wp\/v2\/comments?post=59"}],"version-history":[{"count":5,"href":"https:\/\/ombu.ca\/fr\/wp-json\/wp\/v2\/pages\/59\/revisions"}],"predecessor-version":[{"id":161,"href":"https:\/\/ombu.ca\/fr\/wp-json\/wp\/v2\/pages\/59\/revisions\/161"}],"wp:attachment":[{"href":"https:\/\/ombu.ca\/fr\/wp-json\/wp\/v2\/media?parent=59"}],"curies":[{"name":"wp","href":"https:\/\/api.w.org\/{rel}","templated":true}]}}