{"id":64,"date":"2011-10-16T23:40:21","date_gmt":"2011-10-16T23:40:21","guid":{"rendered":"http:\/\/ombu.ca\/fr\/?page_id=64"},"modified":"2011-11-07T01:42:20","modified_gmt":"2011-11-07T01:42:20","slug":"ombu1011","status":"publish","type":"page","link":"https:\/\/ombu.ca\/fr\/ombu1011\/","title":{"rendered":"Minna Re Shin &#8211;  Images &#038; Ballades"},"content":{"rendered":"<p><span class=\"floatleft\"><img loading=\"lazy\" decoding=\"async\" class=\"border\" title=\"\" src=\"\/images\/covers\/ombu_1011_medium.jpg\" width=\"250\" height=\"250\" alt=\"Minna Re Shin\"\/><br \/><\/span><\/p>\n<table border=\"0\" cellpadding=\"0\" cellspacing=\"0\">\n<tr>\n<td colspan=\"2\" class=\"subheading\">Trois Ballades pour piano (Alain Payette)<\/td>\n<\/tr>\n<tr>\n<td style=\"margin-left:20px;\">La nostalgique<\/td>\n<td align=\"right\">8:55<\/td>\n<\/tr>\n<tr>\n<td style=\"margin-left:20px;\">La passionn\u00e9e<\/td>\n<td align=\"right\">8:29<\/td>\n<\/tr>\n<tr>\n<td style=\"margin-left:20px;\">La r\u00e9jouissante<\/td>\n<td align=\"right\">7:03<\/td>\n<\/tr>\n<tr>\n<td style=\"margin-left:20px;\"><\/td>\n<td align=\"right\"><\/td>\n<\/tr>\n<tr>\n<td style=\"margin-left:20px;\">Jeu de mains (Alain Payette)<\/td>\n<td align=\"right\">9:51<\/td>\n<\/tr>\n<tr>\n<td style=\"margin-left:20px;\">Image Astrale (Jean Coulthard)<\/td>\n<td align=\"right\">14:05<\/td>\n<\/tr>\n<tr>\n<td style=\"margin-left:20px;\">Image Terrestre (Jean Coulthard)<\/td>\n<td align=\"right\">9:31<\/td>\n<\/tr>\n<\/table>\n<p><br clear=\"left\" \/><\/p>\n<p><span class=\"floatright\"><img loading=\"lazy\" decoding=\"async\" class=\"border\" title=\"\" src=\"\/images\/1011_1.jpg\" width=\"200\" height=\"300\" alt=\"Minna\"\/><br \/><span class=\"credit\">photo : Yves Lacombe<\/span><\/span><em>\u00ab&nbsp;Minna Re Shin se surpasse de nouveau.&nbsp;\u00bb<\/em> &#8211; Le Journal de Montr\u00e9al\n<\/p>\n<p>Laur\u00e9ate de plusieurs prix et distinctions obtenus lors de concours nationaux et internationaux, Minna Re Shin est une vedette montante de la sc\u00e8ne classique canadienne.  Pianiste d&#8217;un talent et d&#8217;un dynamisme exceptionnels, les critiques ont qualifi\u00e9 ses interpr\u00e9tations \u00ab&nbsp;d&#8217; intenses&nbsp;\u00bb et \u00ab&nbsp;d&#8217;inspir\u00e9es&nbsp;\u00bb.  Depuis son d\u00e9but solo \u00e0 l&#8217;\u00e2ge de dix ans avec l&#8217;Orchestre symphonique de Montr\u00e9al, cette pianiste polyvalente s&#8217;est produite au Canada, aux \u00c9tats-Unis, en Europe, en Australie, et en Chine.  Le l\u00e9gendaire pianiste russe Lazar Berman a soulign\u00e9 \u00ab&nbsp;le grand talent&nbsp;\u00bb de Minna Re Shin.  <\/p>\n<p> Images &amp; Ballades est une collection d&#8217;oeuvres contemporaines canadiennes qui \u00e9voquent les divers paysages culturels du pays, d&#8217;une part le romanticisme et la sensualit\u00e9 de l&#8217;Est, et de l&#8217;autre l&#8217;immensit\u00e9 et la grandeur de la C\u00f4te Ouest.  Ce CD est une premi\u00e8re mondiale des Trois Ballades et de Jeu de mains du compositeur qu\u00e9b\u00e9cois Alain Payette (1953- ) et un premier enregistrement commercial d&#8217;Image terrestre de la compositrice de Columbie Britannique Jean Coulthard (1908-2000).  Images &amp; Ballades est le 10e disque des productions omb\u00fa, une jeune compagnie qui a d\u00e9j\u00e0 recueilli des critiques \u00e9logieuses pour ses autres disques de la part des animateurs et r\u00e9alisateurs de Radio-Canada aussi bien que des stations radiophoniques universitaires, coll\u00e8giales, et communautaires \u00e0 travers le Canada.  <\/p>\n<p class=\"heading\">Critiques<\/p>\n<p>\u00ab Deuxi\u00e8me disque de la pianiste Minna Re Shin, <em>Images &#038; Ballades<\/em> regroupe des pi\u00e8ces \u00e9crites par deux compositeurs canadiens bien connus, Jean Coulthard et Alain Payette, qui ont ainsi pr\u00eat\u00e9 leur plume \u00e0 l&#8217;impeccable interpr\u00e9tation de la pianiste.  Laur\u00e9ate de nombreux prix, celle-ci s&#8217;en tire \u00e0 merveille et donne au tout un cachet bien particulier.  Les compositions sont modernes et permettent de s&#8217;\u00e9loigner des lieux communs.  Les structures m\u00e9lodiques sont simples et subtiles.  On reconna\u00eet ici la marque d&#8217;un travail soign\u00e9. \u00bb &#8211; <strong><em>Paroles &#038; Musique<\/em>, Hiver 2007<\/strong>\n<\/p>\n<p> \u00ab Minna Re Shin a mis au monde mes Trois Ballades et Jeu de mains, et elle d\u00e9fend ces oeuvres magnifiquement bien. L&#8217;intensit\u00e9 de son jeu pianistique, sa force de caract\u00e8re, et surtout sa sensibilit\u00e9 font d&#8217;elle une merveilleuse interpr\u00e8te. \u00bb &#8211; <strong><em>Alain Payette (1953- ), compositeur<\/em><\/strong>\n<\/p>\n<p>\u00ab Minna Re Shin cr\u00e9e une atmosph\u00e8re si belle dans ma musique\u2014une excellente prestation. \u00bb &#8211; <strong><em>Jean Coulthard (1908-2000), compositeur<\/em><\/strong>\n<\/p>\n<p>\t\t\t\t\t<br clear=\"all\" \/><br \/>\n\t\t\t\t\t<\/p>\n","protected":false},"excerpt":{"rendered":"<p>Trois Ballades pour piano (Alain Payette) La nostalgique 8:55 La passionn\u00e9e 8:29 La r\u00e9jouissante 7:03 Jeu de mains (Alain Payette) 9:51 Image Astrale (Jean Coulthard) 14:05 Image Terrestre (Jean Coulthard) 9:31 photo : Yves Lacombe\u00ab&nbsp;Minna Re Shin se surpasse de nouveau.&nbsp;\u00bb &#8211; Le Journal de Montr\u00e9al Laur\u00e9ate de plusieurs prix et distinctions obtenus lors de [&hellip;]<\/p>\n","protected":false},"author":1,"featured_media":0,"parent":0,"menu_order":0,"comment_status":"open","ping_status":"open","template":"","meta":{"footnotes":""},"class_list":["post-64","page","type-page","status-publish","hentry"],"_links":{"self":[{"href":"https:\/\/ombu.ca\/fr\/wp-json\/wp\/v2\/pages\/64","targetHints":{"allow":["GET"]}}],"collection":[{"href":"https:\/\/ombu.ca\/fr\/wp-json\/wp\/v2\/pages"}],"about":[{"href":"https:\/\/ombu.ca\/fr\/wp-json\/wp\/v2\/types\/page"}],"author":[{"embeddable":true,"href":"https:\/\/ombu.ca\/fr\/wp-json\/wp\/v2\/users\/1"}],"replies":[{"embeddable":true,"href":"https:\/\/ombu.ca\/fr\/wp-json\/wp\/v2\/comments?post=64"}],"version-history":[{"count":4,"href":"https:\/\/ombu.ca\/fr\/wp-json\/wp\/v2\/pages\/64\/revisions"}],"predecessor-version":[{"id":153,"href":"https:\/\/ombu.ca\/fr\/wp-json\/wp\/v2\/pages\/64\/revisions\/153"}],"wp:attachment":[{"href":"https:\/\/ombu.ca\/fr\/wp-json\/wp\/v2\/media?parent=64"}],"curies":[{"name":"wp","href":"https:\/\/api.w.org\/{rel}","templated":true}]}}