{"id":68,"date":"2011-10-16T23:44:18","date_gmt":"2011-10-16T23:44:18","guid":{"rendered":"http:\/\/ombu.ca\/fr\/?page_id=68"},"modified":"2011-11-07T02:04:30","modified_gmt":"2011-11-07T02:04:30","slug":"ombu1001","status":"publish","type":"page","link":"https:\/\/ombu.ca\/fr\/ombu1001\/","title":{"rendered":"OSJM &#8211;  Chantons tous No\u00ebl"},"content":{"rendered":"<p>\n<span class=\"floatleft\"><img loading=\"lazy\" decoding=\"async\" class=\"border\" title=\"OSJM - Chantons tous No\u00ebl\" src=\"\/images\/covers\/ombu_1001_medium.jpg\" width=\"250\" height=\"250\" alt=\"OSJM - Chantons tous No\u00ebl\"\/><br clear=\"left\" \/><br \/>\n<img loading=\"lazy\" decoding=\"async\" class=\"border\" title=\"OSJM - Chantons tous No\u00ebl\" src=\"\/images\/covers\/ombu_1001_back_medium.jpg\" width=\"250\" height=\"250\" alt=\"OSJM - Chantons tous No\u00ebl\"\/><\/span><\/p>\n<table style=\"float: left; margin: 0px; padding: 0px;\" cellspacing=\"0\" cellpadding=\"4\">\n<tr>\n<td valign=\"top\">1.<\/td>\n<td valign=\"top\"><strong>Venez divin Messie<\/strong><\/td>\n<td valign=\"top\" class=\"small\">harm. Ernest Gagnon<br \/> orch. Marc B\u00e9langer<\/td>\n<td valign=\"top\" align=\"right\">2:13<\/td>\n<\/tr>\n<tr>\n<td valign=\"top\">2.<\/td>\n<td valign=\"top\"><strong>Il est n\u00e9 le divin enfant<\/strong><\/td>\n<td valign=\"top\" class=\"small\">harm. Ernest Gagnon<br \/> orch. Marc B\u00e9langer<\/td>\n<td valign=\"top\" align=\"right\">1:58<\/td>\n<\/tr>\n<tr>\n<td valign=\"top\">3.<\/td>\n<td valign=\"top\"><strong>Silent Night<\/strong><\/td>\n<td valign=\"top\" class=\"small\"> <\/td>\n<td valign=\"top\" align=\"right\">3:05<\/td>\n<\/tr>\n<tr>\n<td valign=\"top\">4.<\/td>\n<td valign=\"top\"><strong>Nouvelle agr\u00e9able<\/strong><\/td>\n<td valign=\"top\" class=\"small\">harm. Ernest gagnon<br \/> orch. Marc B\u00e9langer<\/td>\n<td valign=\"top\" align=\"right\">1:35<\/td>\n<\/tr>\n<tr>\n<td valign=\"top\">5.<\/td>\n<td valign=\"top\"><strong>Christmas Festival<\/strong><\/td>\n<td valign=\"top\" class=\"small\">Leroy Anderson<\/td>\n<td valign=\"top\" align=\"right\">6:36<\/td>\n<\/tr>\n<tr>\n<td valign=\"top\">6.<\/td>\n<td valign=\"top\"><strong>God rest you merry gentlemen<\/strong><\/td>\n<td valign=\"top\" class=\"small\">Harm. et orch. John Rutter<\/td>\n<td valign=\"top\" align=\"right\">3:11<\/td>\n<\/tr>\n<tr>\n<td valign=\"top\">7.<\/td>\n<td valign=\"top\"><strong>Ich steh an deiner Krippe hier<\/strong><\/td>\n<td valign=\"top\" class=\"small\">Johann Sebastian Bach<\/td>\n<td valign=\"top\" align=\"right\">2:36<\/td>\n<\/tr>\n<tr>\n<td valign=\"top\">8.<\/td>\n<td valign=\"top\"><strong>Canadian Brass Christmas<\/strong><\/td>\n<td valign=\"top\" class=\"small\">orch. Luther Henderson<\/td>\n<td valign=\"top\" align=\"right\">6:12<\/td>\n<\/tr>\n<tr>\n<td valign=\"top\">9.<\/td>\n<td valign=\"top\"><strong>We three Kings of Orient are<\/strong><\/td>\n<td valign=\"top\" class=\"small\"> J.H. Hopkins<br \/> orch. John Rutter<\/td>\n<td valign=\"top\" align=\"right\">3:42<\/td>\n<\/tr>\n<tr>\n<td valign=\"top\">10.<\/td>\n<td valign=\"top\"><strong>Venez mes enfants<\/strong><\/td>\n<td valign=\"top\" class=\"small\">harm. C\u00e9sar Geoffray<\/td>\n<td valign=\"top\" align=\"right\">1:35<\/td>\n<\/tr>\n<tr>\n<td valign=\"top\">11.<\/td>\n<td valign=\"top\"><strong>Les Anges dans nos campagnes<\/strong><\/td>\n<td valign=\"top\" class=\"small\">harm. Ernest Gagnon<br \/> orch. Marc B\u00e9langer<\/td>\n<td valign=\"top\" align=\"right\">2:33<\/td>\n<\/tr>\n<tr>\n<td valign=\"top\">12.<\/td>\n<td valign=\"top\"><strong>Hodie, Christus natus est<\/strong><\/td>\n<td valign=\"top\" class=\"small\">Plainchant<\/td>\n<td valign=\"top\" align=\"right\">1:16<\/td>\n<\/tr>\n<tr>\n<td valign=\"top\">13.<\/td>\n<td valign=\"top\"><strong>Joy to the Wolrd<\/strong><\/td>\n<td valign=\"top\" class=\"small\">Lowell Mason<br \/> orch. John Rutter<\/td>\n<td valign=\"top\" align=\"right\">2:32<\/td>\n<\/tr>\n<tr>\n<td valign=\"top\">14.<\/td>\n<td valign=\"top\"><strong>Mary had a Baby<\/strong><\/td>\n<td valign=\"top\" class=\"small\">Negro spititual<br \/> harm. William L. Dawson<\/td>\n<td valign=\"top\" align=\"right\">2:53<\/td>\n<\/tr>\n<tr>\n<td valign=\"top\">15.<\/td>\n<td valign=\"top\"><strong>Venez vite voir la pucelle<\/strong><\/td>\n<td valign=\"top\" class=\"small\">No\u00ebl fran\u00e7ais<br \/> harm. et orch. John Rutter<\/td>\n<td valign=\"top\" align=\"right\">1:53<\/td>\n<\/tr>\n<tr>\n<td valign=\"top\">16.<\/td>\n<td valign=\"top\"><strong>\u00c7a bergers, assemblons-nous<\/strong><\/td>\n<td valign=\"top\" class=\"small\">harm. Ernest Gagnon<br \/> orch. Marc B\u00e9langer<\/td>\n<td valign=\"top\" align=\"right\">2:35<\/td>\n<\/tr>\n<tr>\n<td valign=\"top\">17.<\/td>\n<td valign=\"top\"><strong>Around the world at Christmas time<\/strong><\/td>\n<td valign=\"top\" class=\"small\">orch. Robert B. Chase<\/td>\n<td valign=\"top\" align=\"right\">6:00<\/td>\n<\/tr>\n<tr>\n<td valign=\"top\">18.<\/td>\n<td valign=\"top\"><strong>O little town of Bethlehem<\/strong><\/td>\n<td valign=\"top\" class=\"small\">Lewis Redner<br \/> orch. Arthur Luck<\/td>\n<td valign=\"top\" align=\"right\">2:10<\/td>\n<\/tr>\n<tr>\n<td valign=\"top\">19.<\/td>\n<td valign=\"top\"><strong>Tintez joyeux grelots d&#8217;argent<\/strong><\/td>\n<td valign=\"top\" class=\"small\">harm. Peter J. Wilhovsky<\/td>\n<td valign=\"top\" align=\"right\">1:26<\/td>\n<\/tr>\n<tr>\n<td valign=\"top\">20.<\/td>\n<td valign=\"top\"><strong>It came upon a midnight clear<\/strong><\/td>\n<td valign=\"top\" class=\"small\">R.S. Willis<br \/> orch. John Rutter<\/td>\n<td valign=\"top\" align=\"right\">2:16<\/td>\n<\/tr>\n<tr>\n<td valign=\"top\">21.<\/td>\n<td valign=\"top\"><strong>Adeste Fideles<\/strong><\/td>\n<td valign=\"top\" class=\"small\">J.F. Wade<br \/> orch. John Rutter<\/td>\n<td valign=\"top\" align=\"right\">5:07<\/td>\n<\/tr>\n<\/table>\n<p><br clear=\"left\" \/><\/p>\n<p><strong>OSJM<\/strong><br \/> L&#8217;Orchestre symphonique des jeunes de Montr\u00e9al (OSJM) a \u00e9t\u00e9 fond\u00e9 par Sandra Wilson en 1976. Il r\u00e9unit chaque ann\u00e9e une soixantaine d&#8217;instrumentalistes \u00e2g\u00e9s en moyenne de 18 ans, admis apr\u00e8s audition. Plus de 800 jeunes instrumentalistes provenant de l&#8217;\u00eele de Montr\u00e9al, \u00e9l\u00e8ves de nos grandes \u00e9coles de musique, ont ainsi acquis une formation de haute qualit\u00e9 permettant \u00e0 plusieurs d&#8217;entre eux de faire partie, par la suite, de nos orchestres professionels. L&#8217;Orchestre pr\u00e9sente annuellement une dizaine de concerts, soit dans une s\u00e9rie d&#8217;abonnements, soit \u00e0 la demande d&#8217;organismes corporatifs ou culturels.\n<\/p>\n<p><span class=\"floatright\"><img loading=\"lazy\" decoding=\"async\" class=\"border\" src=\"\/images\/tuning_string.jpg\" width=\"200\" height=\"274\" alt=\"\" title=\"\" \/><br \/><span class=\"credit\">photo : Yves Lacombe<\/span><\/span> Le r\u00e9pertoire de l&#8217;OSJM est puis\u00e9 \u00e0 m\u00eame le vaste \u00e9ventail de la musique symphonique allant de Mozart \u00e0 Mahler, Debussy et Chostakovitch. Plusieurs solistes, instrumentistes, chanteurs et compositeurs, autant qu\u00e9b\u00e9cois qu&#8217;\u00e9trangers, ont partag\u00e9 la sc\u00e8ne avec l&#8217;OSJM.\n<\/p>\n<p>L&#8217;OSJM a effectu\u00e9 plusieurs tourn\u00e9s au Qu\u00e9bec, en Ontario, en Alberta, en \u00c9cosse, en Gr\u00e8ce et en France. L&#8217;Orchestre compte \u00e0 son actif plusieurs disques dont la Symphonie # 3 avec orgue de Camille Saint-Sa\u00ebns, ainsi que des extraits de Lac des Cygnes et Casse-Noisettes de Tchaikovsky, pour une collection de contes musicaux illustr\u00e9s sortie sous l&#8217;\u00e9tiquette Disque XXI.\n<\/p>\n<p><strong>Ensemble vocal Polymnie<\/strong><br \/>Fond\u00e9 en 1977, l&#8217;Ensemble vocal Polymnie regroupe quatre-vingt-dix choristes dirig\u00e9s par Louis Lavigeur depuis septembre 2002. Le ch\u0153ur se sp\u00e9cialise dans l&#8217;interpr\u00e9tation de grandes \u0153uvres chorales sacr\u00e9s et profanes des auteurs d&#8217;hier et d&#8217;aujourd&#8217;hui. C&#8217;est gr\u00e2ce au soutien financier de ses supporteurs que l&#8217;Ensemble vocal Polymnie peut faire vivre des exp\u00e9riences musicales de grande qualit\u00e9 \u00e0 ses fid\u00e8les auditoires de la Mont\u00e9r\u00e9gie et du grand Montr\u00e9al. Reconnu comme un ensemble semi-professionel, l&#8217;Ensemble vocal Polymnie a le privil\u00e8ge de collaborer r\u00e9guli\u00e8rement avec l&#8217;Orchestre symphonique de Longueuil.\n<\/p>\n<p>Ce disque constitue le r\u00e9sultat tangible et fort heureux d&#8217;une premi\u00e8re collaboration avec l&#8217;Orchestre symphonique des jeunes de Montr\u00e9al.\n<\/p>\n<p><strong>Louis Lavigeur &#8211; Directeur artistique<\/strong><br \/> Louis Lavigeur dirige l&#8217;orchestre symphonique des jeunes de Montr\u00e9al depuis septembre 1986. Laur\u00e9at du Concours international de jeunes chefs d&#8217;orchestres de Besan\u00e7on (France), il est chef-ajoint et coordonnateur de l&#8217;Orchestre du Conservatoire de musique de Montr\u00e9al, chef de l&#8217;Orchestre de Pierre-Laporte, directeur artistique et chef de l&#8217;Orchestre des concerts symphoniques de Gatineau et de l&#8217;Ensemble Sinfonia de Montr\u00e9al. Il a \u00e9t\u00e9 chef d&#8217;orchestre en r\u00e9sidence \u00e0 l&#8217;Universit\u00e9 McGill.\n<\/p>\n<p>L&#8217;un des rares chefs \u00e0 conna\u00eetre et former aussi bien les ch\u0153urs que les orchestres, il dirige le ch\u0153or du Conservatoire de musique de Montr\u00e9al, les cinq ch\u0153ors du programme musique-\u00e9tudes de l&#8217;\u00c9cole Pierre-Laporte, l&#8217;Ensemble vocal Polymnie de Longeueil et le Ch\u0153or polyphonique de Montr\u00e9al. Il a \u00e9t\u00e9 d\u00e9cor\u00e9 de l&#8217;Ordre de m\u00e9rite choral et remport\u00e9 le Prix de la ville de Versailles pour la meilleure interpr\u00e9tation d&#8217;une \u0153uvre pour orchestre de Darius Milhaud.\n<\/p>\n<p>P\u00e9dagogue recherch\u00e9, Louis Lavigeur a enseign\u00e9 aux universit\u00e9s de Montr\u00e9al, McGill et Laval. En tant que chef invit\u00e9, il a dirig\u00e9 plusieurs orchestres et ch\u0153urs au Canada, en France, en Suisse et en R\u00e9publique tch\u00e8que. Il a fr\u00e9quemment enregistr\u00e9 des \u00e9missions tant \u00e0 la Radio qu&#8217;\u00e0 la t\u00e9l\u00e9vision de radio-Canada. Il a sign\u00e9 plusieurs disques avec l&#8217;Orchestre M\u00e9tropolitain, ainsi que des \u0153uvres de Saint-Sa\u00ebns et Tchaikovsky avec l&#8217;OSJM qu&#8217;il a men\u00e9 en tourn\u00e9e en Gr\u00e8ce et en France.\n<\/p>\n<p><br clear=\"all\" \/><br \/><\/p>\n","protected":false},"excerpt":{"rendered":"<p>1. Venez divin Messie harm. Ernest Gagnon orch. Marc B\u00e9langer 2:13 2. Il est n\u00e9 le divin enfant harm. Ernest Gagnon orch. Marc B\u00e9langer 1:58 3. Silent Night 3:05 4. Nouvelle agr\u00e9able harm. Ernest gagnon orch. Marc B\u00e9langer 1:35 5. Christmas Festival Leroy Anderson 6:36 6. God rest you merry gentlemen Harm. et orch. John [&hellip;]<\/p>\n","protected":false},"author":1,"featured_media":0,"parent":0,"menu_order":0,"comment_status":"open","ping_status":"open","template":"","meta":{"footnotes":""},"class_list":["post-68","page","type-page","status-publish","hentry"],"_links":{"self":[{"href":"https:\/\/ombu.ca\/fr\/wp-json\/wp\/v2\/pages\/68","targetHints":{"allow":["GET"]}}],"collection":[{"href":"https:\/\/ombu.ca\/fr\/wp-json\/wp\/v2\/pages"}],"about":[{"href":"https:\/\/ombu.ca\/fr\/wp-json\/wp\/v2\/types\/page"}],"author":[{"embeddable":true,"href":"https:\/\/ombu.ca\/fr\/wp-json\/wp\/v2\/users\/1"}],"replies":[{"embeddable":true,"href":"https:\/\/ombu.ca\/fr\/wp-json\/wp\/v2\/comments?post=68"}],"version-history":[{"count":3,"href":"https:\/\/ombu.ca\/fr\/wp-json\/wp\/v2\/pages\/68\/revisions"}],"predecessor-version":[{"id":162,"href":"https:\/\/ombu.ca\/fr\/wp-json\/wp\/v2\/pages\/68\/revisions\/162"}],"wp:attachment":[{"href":"https:\/\/ombu.ca\/fr\/wp-json\/wp\/v2\/media?parent=68"}],"curies":[{"name":"wp","href":"https:\/\/api.w.org\/{rel}","templated":true}]}}