{"id":71,"date":"2011-10-16T23:47:11","date_gmt":"2011-10-16T23:47:11","guid":{"rendered":"http:\/\/ombu.ca\/fr\/?page_id=71"},"modified":"2011-11-07T01:51:54","modified_gmt":"2011-11-07T01:51:54","slug":"ombu1008","status":"publish","type":"page","link":"https:\/\/ombu.ca\/fr\/ombu1008\/","title":{"rendered":"Paul Cram Orchestra &#8211; Live in Lisbon"},"content":{"rendered":"<p>\n<span class=\"floatleft\"><img loading=\"lazy\" decoding=\"async\" class=\"border\" title=\"\" src=\"\/images\/covers\/ombu_1008_medium.jpg\" width=\"250\" height=\"250\" alt=\"Paul Cram - Live in Lisbon\"\/><br \/><\/span><\/p>\n<table border=\"0\" cellpadding=\"4\" cellspacing=\"0\">\n<tr>\n<td style=\"padding-left:20px;\"><strong>1.<\/strong><\/td>\n<td style=\"padding-left:20px;\">Life of Crime<\/td>\n<td style=\"padding-left:20px;\" align=\"right\">12:50<\/td>\n<\/tr>\n<tr>\n<td style=\"padding-left:20px;\"><strong>2.<\/strong><\/td>\n<td style=\"padding-left:20px;\">Gaucho Joe<\/td>\n<td style=\"padding-left:20px;\" align=\"right\">8:15<\/td>\n<\/tr>\n<tr>\n<td style=\"padding-left:20px;\"><strong>3.<\/strong><\/td>\n<td style=\"padding-left:20px;\">Kafka&#8217;s Chair<\/td>\n<td style=\"padding-left:20px;\" align=\"right\">5:45<\/td>\n<\/tr>\n<tr>\n<td style=\"padding-left:20px;\"><strong>4.<\/strong><\/td>\n<td style=\"padding-left:20px;\">Trouble in Paradise<\/td>\n<td style=\"padding-left:20px;\" align=\"right\">16:13<\/td>\n<\/tr>\n<tr>\n<td style=\"padding-left:20px;\"><strong>5.<\/strong><\/td>\n<td style=\"padding-left:20px;\">B&#9837; Restaurant<\/td>\n<td style=\"padding-left:20px;\" align=\"right\">2:49<\/td>\n<\/tr>\n<tr>\n<td style=\"padding-left:20px;\"><strong>6.<\/strong><\/td>\n<td style=\"padding-left:20px;\">High Ground<\/td>\n<td style=\"padding-left:20px;\" align=\"right\">10:46<\/td>\n<\/tr>\n<\/table>\n<p><br clear=\"left\" \/><\/p>\n<p><span class=\"floatright\"><img loading=\"lazy\" decoding=\"async\" class=\"border\" title=\"\" src=\"\/images\/paul_cram.jpg\" width=\"200\" height=\"270\" alt=\"Paul Cram\"\/><\/span><br \/>\n<span class=\"subheading\">Enregistr\u00e9e en concert le 8 ao\u00fbt 2004<\/span><br \/>\nDans un programme enti\u00e8rement compos\u00e9 d&#8217;oeuvres de Paul Cram, deux fois mis en nomination pour un Juno en jazz, le Paul Cram Orchestra d\u00e9voile un paysage musical d&#8217;une beaut\u00e9 saisissante au fil de solos f\u00e9roces appuy\u00e9s par un formidable jeu d&#8217;ensemble. Enregistr\u00e9e en concert au Festival Jazz em Agosto de Lisbonne (Portugal) le 8 ao\u00fbt 2004, la musique de Live in Lisbon est \u00e9vocatrice et irr\u00e9sistible, et son ex\u00e9cution \u00e9lectrifiante. Ces musicians explorent les confins de l&#8217;improvisation et reviennent charg\u00e9s de joyaux!\n<\/p>\n<p><p class=\"heading\">Paul Cram Orchestra<\/p>\n<p>\n<strong>Paul Cram<\/strong> \u2013 chef, compositeur, arrangeur, sax t\u00e9nor, clarinette<br \/>\n<strong>Don Palmer<\/strong> \u2013 saxes alto &#038; soprano, fl\u00fbtes<br \/>\n<strong>Jeff Reilly <\/strong>\u2013 clarinette basse, clarinette<br \/>\n<strong>John Scott<\/strong> \u2013 violoncelle \u00e9lectrique<br \/>\n<strong>Rick Waychesko<\/strong> \u2013 trompette<br \/>\n<strong>Tom Walsh<\/strong> \u2013 trombone<br \/>\n<strong>Steven Naylor<\/strong> \u2013 piano, claviers<br \/>\n<strong>John Gzowski<\/strong> \u2013 guitare<br \/>\n<strong>Alan Baculis<\/strong> \u2013 basse \u00e9lectrique<br \/>\n<strong>Dave Burton<\/strong> \u2013 batterie\n<\/p>\n<p><br clear=\"all\" \/><\/p>\n<p class=\"heading\">Critiques<\/p>\n<p>\u00abDiff\u00e9rent de tout ce qui se fait actuellement au Canada.\u00bb \u2013 <strong><em>Mark Miller, Toronto Globe and Mail<\/em><\/strong><\/p>\n<p> \u00abUn sens aigu de l&#8217;humour.\u00bb \u2013 <strong><em>Jim Roberts, Downbeat Magazine<\/em><\/strong><\/p>\n<p> \u00abAssur\u00e9ment l&#8217;un des meilleurs grands ensembles de notre pays.\u00bb \u2013 <strong><em>Alex Varty, The Georgia Straight<\/em><\/strong>\n<\/p>\n<p><br clear=\"all\" \/><br \/><\/p>\n","protected":false},"excerpt":{"rendered":"<p>1. Life of Crime 12:50 2. Gaucho Joe 8:15 3. Kafka&#8217;s Chair 5:45 4. Trouble in Paradise 16:13 5. B&#9837; Restaurant 2:49 6. High Ground 10:46 Enregistr\u00e9e en concert le 8 ao\u00fbt 2004 Dans un programme enti\u00e8rement compos\u00e9 d&#8217;oeuvres de Paul Cram, deux fois mis en nomination pour un Juno en jazz, le Paul Cram [&hellip;]<\/p>\n","protected":false},"author":1,"featured_media":0,"parent":0,"menu_order":0,"comment_status":"open","ping_status":"open","template":"","meta":{"footnotes":""},"class_list":["post-71","page","type-page","status-publish","hentry"],"_links":{"self":[{"href":"https:\/\/ombu.ca\/fr\/wp-json\/wp\/v2\/pages\/71","targetHints":{"allow":["GET"]}}],"collection":[{"href":"https:\/\/ombu.ca\/fr\/wp-json\/wp\/v2\/pages"}],"about":[{"href":"https:\/\/ombu.ca\/fr\/wp-json\/wp\/v2\/types\/page"}],"author":[{"embeddable":true,"href":"https:\/\/ombu.ca\/fr\/wp-json\/wp\/v2\/users\/1"}],"replies":[{"embeddable":true,"href":"https:\/\/ombu.ca\/fr\/wp-json\/wp\/v2\/comments?post=71"}],"version-history":[{"count":8,"href":"https:\/\/ombu.ca\/fr\/wp-json\/wp\/v2\/pages\/71\/revisions"}],"predecessor-version":[{"id":156,"href":"https:\/\/ombu.ca\/fr\/wp-json\/wp\/v2\/pages\/71\/revisions\/156"}],"wp:attachment":[{"href":"https:\/\/ombu.ca\/fr\/wp-json\/wp\/v2\/media?parent=71"}],"curies":[{"name":"wp","href":"https:\/\/api.w.org\/{rel}","templated":true}]}}