{"id":79,"date":"2011-10-16T23:53:10","date_gmt":"2011-10-16T23:53:10","guid":{"rendered":"http:\/\/ombu.ca\/fr\/?page_id=79"},"modified":"2011-11-07T02:00:10","modified_gmt":"2011-11-07T02:00:10","slug":"ombu1004","status":"publish","type":"page","link":"https:\/\/ombu.ca\/fr\/ombu1004\/","title":{"rendered":"Phat hed &#8211; Tom Walsh avec Steve Swell"},"content":{"rendered":"<p>\n<span class=\"floatleft\"><img loading=\"lazy\" decoding=\"async\" class=\"border\" title=\"\" src=\"\/images\/covers\/ombu_1004_medium.jpg\" width=\"250\" height=\"250\" alt=\"Minna Re Shin\"\/><br \/><\/span><\/p>\n<table border=\"0\" cellpadding=\"4\" cellspacing=\"0\">\n<tr>\n<td style=\"padding-left:20px;\"><strong>1.<\/strong><\/td>\n<td style=\"padding-left:20px;\">Introduction<\/td>\n<td style=\"padding-left:20px;\" align=\"right\">6:55<\/td>\n<\/tr>\n<tr>\n<td style=\"padding-left:20px;\"><strong>2.<\/strong><\/td>\n<td style=\"padding-left:20px;\">Transition<\/td>\n<td style=\"padding-left:20px;\" align=\"right\">2:21<\/td>\n<\/tr>\n<tr>\n<td style=\"padding-left:20px;\"><strong>3.<\/strong><\/td>\n<td style=\"padding-left:20px;\">Main Theme<\/td>\n<td style=\"padding-left:20px;\" align=\"right\">6:36<\/td>\n<\/tr>\n<tr>\n<td style=\"padding-left:20px;\"><strong>4.<\/strong><\/td>\n<td style=\"padding-left:20px;\">Drunk Man<\/td>\n<td style=\"padding-left:20px;\" align=\"right\">8:07<\/td>\n<\/tr>\n<tr>\n<td style=\"padding-left:20px;\"><strong>5.<\/strong><\/td>\n<td style=\"padding-left:20px;\">1958<\/td>\n<td style=\"padding-left:20px;\" align=\"right\">9:20<\/td>\n<\/tr>\n<tr>\n<td style=\"padding-left:20px;\"><strong>6.<\/strong><\/td>\n<td style=\"padding-left:20px;\">Nitra Oxide<\/td>\n<td style=\"padding-left:20px;\" align=\"right\">5:59<\/td>\n<\/tr>\n<tr>\n<td style=\"padding-left:20px;\"><strong>7.<\/strong><\/td>\n<td style=\"padding-left:20px;\">Backwoods Song<\/td>\n<td style=\"padding-left:20px;\" align=\"right\">4:54<\/td>\n<\/tr>\n<tr>\n<td style=\"padding-left:20px;\"><strong>8.<\/strong><\/td>\n<td style=\"padding-left:20px;\">A Walking Thing<\/td>\n<td style=\"padding-left:20px;\" align=\"right\">3:37<\/td>\n<\/tr>\n<\/table>\n<p><br clear=\"left\" \/><\/p>\n<p><span class=\"floatright\"><img loading=\"lazy\" decoding=\"async\" class=\"border\" title=\"\" src=\"\/images\/tom_walsh_right.jpg\" width=\"200\" height=\"274\" alt=\"Tom Walsh - Trombone\"\/><br \/><span class=\"fineprint\">Tom Walsh<br \/>Phat Hed leader and producer<\/span><\/span> Form\u00e9 en 2000, le Trio Phat Hed s&#8217;est produit sur sc\u00e8ne avec les ensembles NOMA de Montr\u00e9al et <em>Sex Mob<\/em> de New York. Les trombonistes Wolter Wierbos (Amsterdam) et Steve Swell (New York) ont partag\u00e9 les aventures de Walsh et Cie en 2002 lors de concerts pr\u00e9sent\u00e9s par Traquen\u2019Art et le Festival de jazz de Montr\u00e9al.<\/p>\n<p>\u00c9t\u00e9 2004 : Phat Hed lance son premier disque \u00e9ponyme enregistr\u00e9 sur le vif en 2003 durant des festivals au Canada et&#8230; en Slovaquie!<\/p>\n<p>\nC&#8217;est la remarquable magie d&#8217;un concert donn\u00e9 dans le cadre de la s\u00e9rie \u00ab Jazz contemporain \u00bb du Festival de jazz de Montr\u00e9al que propose ce disque. Le <em>twin-bone<\/em> de <a href=\"http:\/\/www.tomwalsh.ca\/\">Tom Walsh<\/a> et <a href=\"http:\/\/home.earthlink.net\/~sdswell\/\">Steve Swell<\/a>, intelligemment soutenu par la solide argumentation de Miles Perkin \u00e0 la contrebasse et Thom Gossage \u00e0 la batterie, est un pur r\u00e9gal. \u00c9galement au programme, la plus r\u00e9cente incursion<br \/>\nde Walsh en terre d&#8217;aventure mutante avec la version \u00ab radicale libre \u00bb hongroise de Phat Hed, \u00e0 Nitra (Slovaquie), o\u00f9 les virtuoses magyars-gitans Bal\u00e1zs Elem\u00e9r \u00e0 la batterie et Szandai M\u00e1ty\u00e1s \u00e0 la contrebasse se joignent \u00e0 Walsh pour offrir un concert \u00e9tonamment relev\u00e9.<\/p>\n<p>Walsh a form\u00e9 Phat Hed pour travailler \u00ab in vitro \u00bb avec des \u00e9l\u00e9ments modulaires de compositions plus vastes et plus exigeantes de NOMA, en fractionnant le double trio en ses deux composantes \u00e9lectrique et acoustique pour mieux s&#8217;insinuer jusqu&#8217;au coeur de chaque pi\u00e8ce.<\/p>\n<p>Le double coloris t\u00e9nor-basse s&#8217;est depuis fondu en une seule voix, port\u00e9e par de puissants <em>grooves<\/em>, une technique pouss\u00e9e et, surtout, un sens inn\u00e9 de l&#8217;humour et de l&#8217;irr\u00e9v\u00e9rence. Aucune ic\u00f4ne, aucun style musical n&#8217;est trop rare pour \u00eatre incorpor\u00e9 \u00e0 la recette.<\/p>\n<p>Phat Hed, ayant mis \u00e0 jour les racines et les spores, aspire maintenant \u00e0 d\u00e9couvrir la veine.<\/p>\n<p><br clear=\"all\" \/> <\/p>\n<p>\n<strong>*<\/strong>NOMA est un septuor form\u00e9 de deux trios:<br \/>\nbasse \u00e9lectrique, guitare\/fx et batterie (\u00e0 gauche);<br \/>\nbasse acoustique, guitare pr\u00e9par\u00e9e et baterie (\u00e0 droite);<br \/>\ntrombone\/\u00e9chantilloneur (au centre).<\/p>\n<p class=\"heading\">Critiques<\/p>\n<p>Lisez <a href=\"http:\/\/www.jazznow.com\/0206\/0206Rings.html#anchor2513547\">la critique de <strong>Ken Egbert<\/strong><\/a> (anglais seulment) sur le site de <em>Jazz Now<\/em><\/p>\n<p><br clear=\"all\" \/><br \/><\/p>\n","protected":false},"excerpt":{"rendered":"<p>1. Introduction 6:55 2. Transition 2:21 3. Main Theme 6:36 4. Drunk Man 8:07 5. 1958 9:20 6. Nitra Oxide 5:59 7. Backwoods Song 4:54 8. A Walking Thing 3:37 Tom WalshPhat Hed leader and producer Form\u00e9 en 2000, le Trio Phat Hed s&#8217;est produit sur sc\u00e8ne avec les ensembles NOMA de Montr\u00e9al et Sex [&hellip;]<\/p>\n","protected":false},"author":1,"featured_media":0,"parent":0,"menu_order":0,"comment_status":"open","ping_status":"open","template":"","meta":{"footnotes":""},"class_list":["post-79","page","type-page","status-publish","hentry"],"_links":{"self":[{"href":"https:\/\/ombu.ca\/fr\/wp-json\/wp\/v2\/pages\/79","targetHints":{"allow":["GET"]}}],"collection":[{"href":"https:\/\/ombu.ca\/fr\/wp-json\/wp\/v2\/pages"}],"about":[{"href":"https:\/\/ombu.ca\/fr\/wp-json\/wp\/v2\/types\/page"}],"author":[{"embeddable":true,"href":"https:\/\/ombu.ca\/fr\/wp-json\/wp\/v2\/users\/1"}],"replies":[{"embeddable":true,"href":"https:\/\/ombu.ca\/fr\/wp-json\/wp\/v2\/comments?post=79"}],"version-history":[{"count":5,"href":"https:\/\/ombu.ca\/fr\/wp-json\/wp\/v2\/pages\/79\/revisions"}],"predecessor-version":[{"id":160,"href":"https:\/\/ombu.ca\/fr\/wp-json\/wp\/v2\/pages\/79\/revisions\/160"}],"wp:attachment":[{"href":"https:\/\/ombu.ca\/fr\/wp-json\/wp\/v2\/media?parent=79"}],"curies":[{"name":"wp","href":"https:\/\/api.w.org\/{rel}","templated":true}]}}