{"id":87,"date":"2011-10-17T00:18:35","date_gmt":"2011-10-17T00:18:35","guid":{"rendered":"http:\/\/ombu.ca\/fr\/?page_id=87"},"modified":"2011-11-07T01:32:26","modified_gmt":"2011-11-07T01:32:26","slug":"ombu1012","status":"publish","type":"page","link":"https:\/\/ombu.ca\/fr\/ombu1012\/","title":{"rendered":"Skye Consort &#8211; Courting Stories: True Love And Treachery"},"content":{"rendered":"<p><img loading=\"lazy\" decoding=\"async\" class=\"floatleft border\" title=\"Skye Consort - Courting Stories: True Love And Treachery\" src=\"\/images\/covers\/ombu_1012_medium.jpg\" width=\"250\" height=\"250\" alt=\"Skye Consort\" \/><\/p>\n<ol class=\"tracklist floatleft\" style=\"font-weight: bold;\">\n<li class=\"tracklistitem\"><span style=\"font-weight: normal;\">Gala Water<\/span><\/li>\n<li class=\"tracklistitem\"><span style=\"font-weight: normal;\">Yer Man&#8217;s Set<\/span><\/li>\n<li class=\"tracklistitem\"><span style=\"font-weight: normal;\">The Jolly Beggar<\/span><\/li>\n<li class=\"tracklistitem\"><span style=\"font-weight: normal;\">Bretonne<\/span><\/li>\n<li class=\"tracklistitem\"><span style=\"font-weight: normal;\">Anarchie Gordon<\/span><\/li>\n<li class=\"tracklistitem\"><span style=\"font-weight: normal;\">Christy<\/span><\/li>\n<li class=\"tracklistitem\"><span style=\"font-weight: normal;\">The Saucy Sailor<\/span><\/li>\n<li class=\"tracklistitem\"><span style=\"font-weight: normal;\">Hardiman the Fiddler<\/span><\/li>\n<li class=\"tracklistitem\"><span style=\"font-weight: normal;\">Boys of Bedlam<\/span><\/li>\n<li class=\"tracklistitem\"><span style=\"font-weight: normal;\">Hyo Frwynen<\/span><\/li>\n<li class=\"tracklistitem\"><span style=\"font-weight: normal;\">The Boar and the Fox<\/span><\/li>\n<li class=\"tracklistitem\"><span style=\"font-weight: normal;\">Evan&#8217;s Jigg<\/span><\/li>\n<li class=\"tracklistitem\"><span style=\"font-weight: normal;\">Bonny Barbry O<\/span><\/li>\n<li class=\"tracklistitem\"><span style=\"font-weight: normal;\">The Keelman Ower Land<\/span><\/li>\n<li class=\"tracklistitem\"><span style=\"font-weight: normal;\">The Newry Highwayman<\/span><\/li>\n<li class=\"tracklistitem\"><span style=\"font-weight: normal;\">The Day After<\/span><\/li>\n<\/ol>\n<p><br clear=\"left\" \/><\/p>\n<p> Le nouveau programme que Skye Consort propose avec le concours de la chanteuse Miranda Mulholland a pour th\u00e8me l&#8217;amour, et plus particuli\u00e8rement les premiers tressaillements de l&#8217;amour, la p\u00e9riode enivrante que vivent deux \u00eatres qui tombent amoureux. Mais n&#8217;allez pas pr\u00e9sumer pour autant que ces chansons sont toutes joyeuses et l\u00e9g\u00e8res, car qui a jamais entendu parler d&#8217;amour sans querelle ou sans chagrin? Certaines de ces chansons racontent donc l&#8217;histoire heureuse de jeunes couples qui tombent amoureux, d&#8217;autres disent la trahison et le mensonge dont s&#8217;accompagnent souvent ces m\u00eames amours. Certaines d\u00e9crivent les extr\u00eames auxquels l&#8217;amour pousse parfois les amoureux, d&#8217;autres la folie qui s&#8217;empare parfois des plus sages.\n<\/p>\n<p> <span class=\"floatright\"><img loading=\"lazy\" decoding=\"async\" class=\"border\" title=\"Skye Consort\" src=\"\/images\/skye_consort_poster.jpg\" width=\"250\" height=\"387\" alt=\"Skye Consort\" \/><\/span> Form\u00e9e au violon et au chant classiques, Miranda Mulholland est une interpr\u00e8te polyvalente tr\u00e8s recherch\u00e9e comme violoniste et chanteuse dans un vaste \u00e9ventail de styles. Outre ses nombreux engagements en studio, elle s&#8217;est beaucoup produite dans le cadre de tourn\u00e9es en Europe et en Am\u00e9rique du Nord avec les ensembles de rock celtique The Mahones et The Peelers, de m\u00eame qu&#8217;avec le groupe alt-country Luther Wright and the Wrongs. Elle a \u00e9t\u00e9 de la distribution canadienne de Barrage et, \u00e0 titre de chanteuse et de violoniste soliste, de celle du spectacle de danse irlandais Spirit of Ireland. Elle fait actuellement partie du groupe Glengarry Bhoys (Universal) \u00e0 titre de violoniste, de chanteuse et de gigueuse. Elle est \u00e9galement membre et fondatrice du groupe de jazz-pop The Roaring Girl Cabaret. Outre ses prestations au sein de ces groupes, elle a tenu dans de nombreuses productions th\u00e9\u00e2trales le triple r\u00f4le de com\u00e9dienne, de chanteuse et de danseuse. Miranda a fait des \u00e9tudes d&#8217;op\u00e9ra \u00e0 l&#8217;Universit\u00e9 Western Ontario et \u00e0 l&#8217;Universit\u00e9 McGill.\n<\/p>\n<p> Fond\u00e9 en 1999, Skye Consort a fait de nombreuses tourn\u00e9es et particip\u00e9 \u00e0 des festivals dans l&#8217;est du Canada et des \u00c9tats-Unis. D\u00e8s le d\u00e9but, le groupe s&#8217;est employ\u00e9 \u00e0 revoir dans une esth\u00e9tique de musique savante la musique traditionnelle de diff\u00e9rentes r\u00e9gions du monde. Trois membres de l&#8217;ensemble, Se\u00e1n Dagher, Alex Kehler et Amanda Keesmaat illustrent particuli\u00e8rement l&#8217;esprit de l&#8217;ensemble par l&#8217;assortiment unique d&#8217;instruments qu&#8217;ils utilisent et par leurs arrangements contemporains originaux d&#8217;oeuvres vocales et instrumentales rarement entendues. Skye Consort a souvent eu le plaisir de collaborer avec de grands musiciens, et ce projet ne fait pas exception \u00e0 la r\u00e8gle. Les musciens qui ont particp\u00e9 \u00e0 cet enregistrement sont :  <\/p>\n<p>\n<strong>Miranda Mulholland<\/strong> voice \u2013 voix<br \/>\n<strong>Alex Kehler<\/strong> violin \u2013 violon<br \/>\n<strong>Amanda Keesmaat<\/strong> cello \u2013 violoncelle<br \/>\n<strong>Se\u00e1n Dagher<\/strong> cittern, voice, accordion \u2013 cistre, voix, accord\u00e9on<br \/>\n<strong>Andrew Horton<\/strong> double bass \u2013 contrebasse<br \/>\n<strong>Reuven Rothman<\/strong> double bass \u2013 contrebasse<br \/>\n<strong>\u00c9lise Guay<\/strong> bagpipes, recorder \u2013 cornemuse, fl\u00fbte \u00e0 bec<br \/>\n<strong>Fran\u00e7ois Taillefer<\/strong> percussion<br \/>\n<strong>St\u00e9phanie Bozzini<\/strong> viola \u2013 alto<br \/>\n<strong>Avery Gietz<\/strong> shakers\n<\/p>\n<p><br clear=\"all\" \/><br \/><\/p>\n","protected":false},"excerpt":{"rendered":"<p>Gala Water Yer Man&#8217;s Set The Jolly Beggar Bretonne Anarchie Gordon Christy The Saucy Sailor Hardiman the Fiddler Boys of Bedlam Hyo Frwynen The Boar and the Fox Evan&#8217;s Jigg Bonny Barbry O The Keelman Ower Land The Newry Highwayman The Day After Le nouveau programme que Skye Consort propose avec le concours de la [&hellip;]<\/p>\n","protected":false},"author":1,"featured_media":0,"parent":0,"menu_order":0,"comment_status":"open","ping_status":"open","template":"","meta":{"footnotes":""},"class_list":["post-87","page","type-page","status-publish","hentry"],"_links":{"self":[{"href":"https:\/\/ombu.ca\/fr\/wp-json\/wp\/v2\/pages\/87","targetHints":{"allow":["GET"]}}],"collection":[{"href":"https:\/\/ombu.ca\/fr\/wp-json\/wp\/v2\/pages"}],"about":[{"href":"https:\/\/ombu.ca\/fr\/wp-json\/wp\/v2\/types\/page"}],"author":[{"embeddable":true,"href":"https:\/\/ombu.ca\/fr\/wp-json\/wp\/v2\/users\/1"}],"replies":[{"embeddable":true,"href":"https:\/\/ombu.ca\/fr\/wp-json\/wp\/v2\/comments?post=87"}],"version-history":[{"count":4,"href":"https:\/\/ombu.ca\/fr\/wp-json\/wp\/v2\/pages\/87\/revisions"}],"predecessor-version":[{"id":149,"href":"https:\/\/ombu.ca\/fr\/wp-json\/wp\/v2\/pages\/87\/revisions\/149"}],"wp:attachment":[{"href":"https:\/\/ombu.ca\/fr\/wp-json\/wp\/v2\/media?parent=87"}],"curies":[{"name":"wp","href":"https:\/\/api.w.org\/{rel}","templated":true}]}}